{"id":1500,"date":"2020-04-01T17:28:26","date_gmt":"2020-04-01T17:28:26","guid":{"rendered":"http:\/\/www.translo.es\/politica-de-cookies\/"},"modified":"2021-05-26T12:18:39","modified_gmt":"2021-05-26T12:18:39","slug":"cookies","status":"publish","type":"page","link":"https:\/\/www.translo.es\/fr\/cookies\/","title":{"rendered":"Cookies"},"content":{"rendered":"<div class=\"wpb-content-wrapper\"><p>[vc_row][vc_column dfd_column_responsive_enable=\u00a0\u00bbdfd-column-responsive-enable\u00a0\u00bb col_shadow=\u00a0\u00bbbox_shadow_enable:disable|shadow_horizontal:0|shadow_vertical:15|shadow_blur:50|shadow_spread:0|box_shadow_color:rgba(0%2C0%2C0%2C0.35)\u00a0\u00bb col_shadow_hover=\u00a0\u00bbbox_shadow_enable:disable|shadow_horizontal:0|shadow_vertical:15|shadow_blur:50|shadow_spread:0|box_shadow_color:rgba(0%2C0%2C0%2C0.35)\u00a0\u00bb responsive_styles=\u00a0\u00bbpadding_left_tablet:25|padding_right_tablet:25|padding_left_mobile:25|padding_right_mobile:25&Prime;][dfd_spacer screen_wide_spacer_size=\u00a0\u00bb60&Prime; screen_normal_resolution=\u00a0\u00bb1024&Prime; screen_tablet_resolution=\u00a0\u00bb800&Prime; screen_mobile_resolution=\u00a0\u00bb480&Prime;][vc_column_text]Nous utilisons des cookies pour faciliter l\u2019utilisation de notre site Web.\u00a0Les cookies sont de petits fichiers d\u2019information qui nous permettent de comparer et de comprendre comment nos utilisateurs naviguent sur notre site Web, et ainsi d\u2019am\u00e9liorer en cons\u00e9quence le processus de navigation.\u00a0Les cookies que nous utilisons ne stockent aucune donn\u00e9e personnelle, ni aucune information susceptible de vous identifier.\u00a0Si vous ne voulez pas recevoir de cookies, veuillez configurer votre navigateur Internet pour les supprimer du disque dur de votre ordinateur, les bloquer ou vous avertir en cas d\u2019installation de ces cookies.\u00a0Pour continuer sans modifier les param\u00e8tres des cookies, il suffit de continuer sur le site.<\/p>\n<p>Vous pouvez obtenir plus d\u2019information sur les cookies et leur utilisation sur www.aboutcookies.org<\/p>\n<p>&nbsp;<\/p>\n<h3>LE GENRE DE COOKIES QUE NOUS UTILISONS<\/h3>\n<p>&nbsp;<\/p>\n<p><strong>Cookies strictement n\u00e9cessaires\u00a0:<\/strong><\/p>\n<p>Ces cookies sont n\u00e9cessaires pour une utilisation correcte du site Web, permettant l\u2019acc\u00e8s \u00e0 des sections qui disposent de filtres de s\u00e9curit\u00e9. Sans ces cookies, de nombreux services disponibles ne seraient pas op\u00e9rationnels.<\/p>\n<p><strong>Cookies de Navigation\u00a0:<\/strong><\/p>\n<p>Ces cookies collectent des informations sur l\u2019utilisation que les visiteurs font du site, par exemple des pages vues, des erreurs de chargement&#8230; Il s\u2019agit d\u2019informations g\u00e9n\u00e9riques et anonymes, o\u00f9 les donn\u00e9es personnelles ne sont pas incluses, et o\u00f9 les informations identifiant les visiteurs ne sont pas collect\u00e9es ;\u00a0l\u2019objectif ultime \u00e9tant d\u2019am\u00e9liorer le fonctionnement du site.<\/p>\n<p><strong>Cookies Fonctionnels\u00a0:<\/strong><\/p>\n<p>Ces cookies permettent de m\u00e9moriser des informations (comme votre nom d\u2019utilisateur, votre langue ou la r\u00e9gion o\u00f9 vous vous trouvez) et des caract\u00e9ristiques plus personnelles. Par exemple, la possibilit\u00e9 d\u2019offrir un contenu personnalis\u00e9 bas\u00e9 sur les informations et les crit\u00e8res que vous avez volontairement fournis. Ces cookies peuvent \u00e9galement \u00eatre utilis\u00e9s pour m\u00e9moriser les modifications apport\u00e9es pour la grandeur du texte, sources et d\u2019autres parties personnalisables du site Web. Ils sont \u00e9galement utilis\u00e9s pour offrir certains services demand\u00e9s, comme regarder une vid\u00e9o ou de commenter sur un blog. Les informations collect\u00e9es par ces cookies peuvent \u00eatre anonymes et leur activit\u00e9 ne peut \u00eatre suivie sur d\u2019autres sites Web.<\/p>\n<p>&nbsp;<\/p>\n<h3>COOKIES UTILIS\u00c9S SUR NOTRE SITE WEB<\/h3>\n<p><script type=\"text\/javascript\" charset=\"UTF-8\" data-cookiescriptreport=\"report\" src=\"\/\/report.cookie-script.com\/r\/c3176ac7d70ddbb378c27f80f966b358.js\"><\/script><\/p>\n<h3>COMMENT G\u00c9RER LES COOKIES SUR LES ORDINATEURS<\/h3>\n<p>&nbsp;<\/p>\n<p>Si vous souhaitez autoriser l\u2019utilisation de cookies sur notre site, veuillez suivre les instructions ci-dessous.<\/p>\n<p><strong>Google Chrome<\/strong><\/p>\n<ol>\n<li>Lorsque vous ouvrez le navigateur, cliquez sur \u00ab\u00a0outils\u00a0\u00bb en haut et s\u00e9lectionnez l\u2019onglet \u00ab\u00a0options\u00a0\u00bb.<\/li>\n<li>Dans les options, cliquez sur \u00ab\u00a0confidentialit\u00e9\u00a0\u00bb.<\/li>\n<li>Marquer \u00ab\u00a0autoriser la gestion des cookies\u00a0\u00bb.<\/li>\n<\/ol>\n<p><strong>Microsoft Internet Explorer 6.0, 7.0, 8.0, 9.0<\/strong><\/p>\n<ol>\n<li>Lorsque vous ouvrez le navigateur, cliquez sur \u00ab\u00a0outils\u00a0\u00bb en haut et s\u00e9lectionnez l\u2019onglet \u00ab\u00a0options\u00a0\u00bb.<\/li>\n<li>V\u00e9rifiez l\u2019onglet \u00ab\u00a0Confidentialit\u00e9\u00a0\u00bb pour vous assurer qu\u2019il est configur\u00e9 avec un niveau de s\u00e9curit\u00e9 moyen ou inf\u00e9rieur.<\/li>\n<li>Si la configuration Internet n\u2019est pas moyenne, les cookies seront bloqu\u00e9s.<\/li>\n<\/ol>\n<p><strong>Mozilla Firefox<\/strong><\/p>\n<ol>\n<li>Lorsque vous ouvrez le navigateur, cliquez sur \u00ab\u00a0outils\u00a0\u00bb en haut et s\u00e9lectionnez l\u2019onglet \u00ab\u00a0options\u00a0\u00bb.<\/li>\n<li>S\u00e9lectionnez l\u2019ic\u00f4ne Confidentialit\u00e9<\/li>\n<li>Cliquez sur les cookies, et marquez\u00a0: \u00ab\u00a0autoriser l\u2019installation des cookies\u00a0\u00bb.<\/li>\n<\/ol>\n<p><strong>Safari<\/strong><\/p>\n<ol>\n<li>Lorsque vous ouvrez le navigateur, cliquez sur \u00ab\u00a0outils\u00a0\u00bb en haut et s\u00e9lectionnez l\u2019onglet \u00ab\u00a0options\u00a0\u00bb.<\/li>\n<li>Cliquez sur l\u2019onglet \u00ab\u00a0S\u00e9curit\u00e9\u00a0\u00bb et v\u00e9rifiez si l\u2019option \u00ab\u00a0Bloquer l\u2019acc\u00e8s aux cookies tiers\u00a0\u00bb est coch\u00e9e ou non.<\/li>\n<li>Cliquez sur \u00ab\u00a0enregistrer\u00a0\u00bb.<\/li>\n<\/ol>\n<p>&nbsp;<\/p>\n<h3>L\u00b4INSTALATION DE COOKIES EN MAC<\/h3>\n<p>&nbsp;<\/p>\n<p>Si vous avez un Mac et que vous souhaitez autoriser l\u2019acc\u00e8s \u00e0 nos cookies sur votre ordinateur, veuillez suivre les instructions suivantes\u00a0:<\/p>\n<p>&nbsp;<\/p>\n<p><strong>Microsoft Internet Explorer 5.0 en OSX<\/strong><\/p>\n<ol>\n<li>Entrez dans \u00ab\u00a0Explorer\u00a0\u00bb et s\u00e9lectionnez \u00ab\u00a0Pr\u00e9f\u00e9rences\u00a0\u00bb dans la barre de navigation.<\/li>\n<li>Faites d\u00e9filer jusqu\u2019\u00e0 ce que vous voyiez \u00ab\u00a0Cookies\u00a0\u00bb juste en dessous des fichiers re\u00e7us.<\/li>\n<li>Marque \u00ab\u00a0Ne plus demander\u00a0\u00bb.<\/li>\n<\/ol>\n<p><strong>Safari en OSX<\/strong><\/p>\n<ol>\n<li>Acc\u00e9dez \u00e0 Safari et s\u00e9lectionnez \u00ab\u00a0Pr\u00e9f\u00e9rences\u00a0\u00bb dans la barre de navigation.<\/li>\n<li>Cliquez sur l\u2019onglet \u00ab\u00a0S\u00e9curit\u00e9\u00a0\u00bb et cochez l\u2019option \u00ab\u00a0accepter les cookies\u00a0\u00bb<\/li>\n<li>S\u00e9lectionnez l\u2019option\u00a0: \u00ab\u00a0Uniquement \u00e0 partir du site actuel sur lequel je navigue\u00a0\u00bb<\/li>\n<\/ol>\n<p><strong>Mozilla y Netscape en OSX<\/strong><\/p>\n<ol>\n<li>Entrez dans \u00ab\u00a0Mozilla\u00a0\u00bb ou \u00ab\u00a0Netscape\u00a0\u00bb et en haut de votre navigateur, cochez l\u2019option \u00ab\u00a0Pr\u00e9f\u00e9rences\u00a0\u00bb<\/li>\n<li>Faites d\u00e9filer jusqu\u2019\u00e0 ce que vous voyiez \u00ab\u00a0Cookies\u00a0\u00bb juste en dessous de \u00ab\u00a0Confidentialit\u00e9 et S\u00e9curit\u00e9\u00a0\u00bb.<\/li>\n<li>Cochez l\u2019option \u00ab\u00a0Autoriser l\u2019acc\u00e8s aux cookies uniquement \u00e0 partir du site actuel\u00a0\u00bb<\/li>\n<\/ol>\n<p><strong>Opera<\/strong><\/p>\n<ol>\n<li>Entrez dans \u00ab\u00a0Opera\u00a0\u00bb et s\u00e9lectionnez \u00ab\u00a0Menu\u00a0\u00bb et \u00ab\u00a0Param\u00e8tres\u00a0\u00bb dans la barre de navigation.<\/li>\n<li>S\u00e9lectionnez \u00ab\u00a0Pr\u00e9f\u00e9rences\u00a0\u00bb et cliquez sur l\u2019onglet \u00ab\u00a0Avanc\u00e9\u00a0\u00bb.<\/li>\n<li>Cochez l\u2019option \u00ab\u00a0Accepter les cookies\u00a0\u00bb<\/li>\n<\/ol>\n<p>&nbsp;<\/p>\n<h3>GOOGLE ANALYTICS<\/h3>\n<p>&nbsp;<\/p>\n<p>Ce site Web utilise Google Analytics, un service d\u2019analyse web fourni par la soci\u00e9t\u00e9 am\u00e9ricaine Google, Inc., avec un bureau \u00e0 1600 Amphitheatre Parkway, Mountain View (Californie), CA 94043, \u00c9tats-Unis d\u2019Am\u00e9rique. Google Analytics utilise ses propres cookies pour aider \u00e0 analyser l\u2019utilisation du site par les utilisateurs. Les informations g\u00e9n\u00e9r\u00e9es par le cookie, y compris votre adresse IP, seront directement transmises et archiv\u00e9es par Google sur les serveurs des \u00c9tats-Unis. Google utilisera ces donn\u00e9es, pages et recherches r\u00e9f\u00e9renc\u00e9es, donn\u00e9es de localisation, et autres habitudes de navigation, pour collecter des informations sur l\u2019utilisation du site Web, pour collecter des rapports d\u2019activit\u00e9 et fournir d\u2019autres services li\u00e9s \u00e0 l\u2019utilisation d\u2019Internet. L\u2019utilisation de ces informations est une responsabilit\u00e9 exclusive de Google, qui stipule dans ses conditions qu\u2019il peut les transmettre \u00e0 des tiers lorsque la loi l\u2019exige ou lorsque ces tiers traitent les informations pour le compte de Google. Google indique qu\u2019elle n\u2019associera pas votre adresse IP \u00e0 d\u2019autres donn\u00e9es dont elle dispose.[\/vc_column_text][dfd_spacer screen_wide_spacer_size=\u00a0\u00bb60&Prime; screen_normal_resolution=\u00a0\u00bb1024&Prime; screen_tablet_resolution=\u00a0\u00bb800&Prime; screen_mobile_resolution=\u00a0\u00bb480&Prime;][\/vc_column][\/vc_row]<\/p>\n<\/div>","protected":false},"excerpt":{"rendered":"<p>[vc_row][vc_column dfd_column_responsive_enable=\u00a0\u00bbdfd-column-responsive-enable\u00a0\u00bb col_shadow=\u00a0\u00bbbox_shadow_enable:disable|shadow_horizontal:0|shadow_vertical:15|shadow_blur:50|shadow_spread:0|box_shadow_color:rgba(0%2C0%2C0%2C0.35)\u00a0\u00bb col_shadow_hover=\u00a0\u00bbbox_shadow_enable:disable|shadow_horizontal:0|shadow_vertical:15|shadow_blur:50|shadow_spread:0|box_shadow_color:rgba(0%2C0%2C0%2C0.35)\u00a0\u00bb responsive_styles=\u00a0\u00bbpadding_left_tablet:25|padding_right_tablet:25|padding_left_mobile:25|padding_right_mobile:25&Prime;][dfd_spacer screen_wide_spacer_size=\u00a0\u00bb60&Prime; screen_normal_resolution=\u00a0\u00bb1024&Prime; screen_tablet_resolution=\u00a0\u00bb800&Prime; screen_mobile_resolution=\u00a0\u00bb480&Prime;][vc_column_text]Nous utilisons des cookies pour faciliter l\u2019utilisation de notre site Web.\u00a0Les cookies sont de petits fichiers d\u2019information qui nous permettent de comparer<\/p>\n","protected":false},"author":1,"featured_media":0,"parent":0,"menu_order":0,"comment_status":"closed","ping_status":"closed","template":"","meta":{"footnotes":""},"class_list":["post-1500","page","type-page","status-publish","hentry"],"yoast_head":"<!-- This site is optimized with the Yoast SEO plugin v27.4 - https:\/\/yoast.com\/product\/yoast-seo-wordpress\/ -->\n<title>Cookies - TRANSLOGRO\u00d1O<\/title>\n<meta name=\"robots\" content=\"index, follow, max-snippet:-1, max-image-preview:large, max-video-preview:-1\" \/>\n<link rel=\"canonical\" href=\"https:\/\/www.translo.es\/fr\/cookies\/\" \/>\n<meta property=\"og:locale\" content=\"fr_FR\" \/>\n<meta property=\"og:type\" content=\"article\" \/>\n<meta property=\"og:title\" content=\"Cookies - TRANSLOGRO\u00d1O\" \/>\n<meta property=\"og:description\" content=\"[vc_row][vc_column dfd_column_responsive_enable=\u00a0\u00bbdfd-column-responsive-enable\u00a0\u00bb col_shadow=\u00a0\u00bbbox_shadow_enable:disable|shadow_horizontal:0|shadow_vertical:15|shadow_blur:50|shadow_spread:0|box_shadow_color:rgba(0%2C0%2C0%2C0.35)\u00a0\u00bb col_shadow_hover=\u00a0\u00bbbox_shadow_enable:disable|shadow_horizontal:0|shadow_vertical:15|shadow_blur:50|shadow_spread:0|box_shadow_color:rgba(0%2C0%2C0%2C0.35)\u00a0\u00bb responsive_styles=\u00a0\u00bbpadding_left_tablet:25|padding_right_tablet:25|padding_left_mobile:25|padding_right_mobile:25&Prime;][dfd_spacer screen_wide_spacer_size=\u00a0\u00bb60&Prime; screen_normal_resolution=\u00a0\u00bb1024&Prime; screen_tablet_resolution=\u00a0\u00bb800&Prime; screen_mobile_resolution=\u00a0\u00bb480&Prime;][vc_column_text]Nous utilisons des cookies pour faciliter l\u2019utilisation de notre site Web.\u00a0Les cookies sont de petits fichiers d\u2019information qui nous permettent de comparer\" \/>\n<meta property=\"og:url\" content=\"https:\/\/www.translo.es\/fr\/cookies\/\" \/>\n<meta property=\"og:site_name\" content=\"TRANSLOGRO\u00d1O\" \/>\n<meta property=\"article:modified_time\" content=\"2021-05-26T12:18:39+00:00\" \/>\n<meta name=\"twitter:card\" content=\"summary_large_image\" \/>\n<meta name=\"twitter:label1\" content=\"Dur\u00e9e de lecture estim\u00e9e\" \/>\n\t<meta name=\"twitter:data1\" content=\"4 minutes\" \/>\n<script type=\"application\/ld+json\" class=\"yoast-schema-graph\">{\"@context\":\"https:\\\/\\\/schema.org\",\"@graph\":[{\"@type\":\"WebPage\",\"@id\":\"https:\\\/\\\/www.translo.es\\\/fr\\\/cookies\\\/\",\"url\":\"https:\\\/\\\/www.translo.es\\\/fr\\\/cookies\\\/\",\"name\":\"Cookies - TRANSLOGRO\u00d1O\",\"isPartOf\":{\"@id\":\"https:\\\/\\\/www.translo.es\\\/#website\"},\"datePublished\":\"2020-04-01T17:28:26+00:00\",\"dateModified\":\"2021-05-26T12:18:39+00:00\",\"breadcrumb\":{\"@id\":\"https:\\\/\\\/www.translo.es\\\/fr\\\/cookies\\\/#breadcrumb\"},\"inLanguage\":\"fr-FR\",\"potentialAction\":[{\"@type\":\"ReadAction\",\"target\":[\"https:\\\/\\\/www.translo.es\\\/fr\\\/cookies\\\/\"]}]},{\"@type\":\"BreadcrumbList\",\"@id\":\"https:\\\/\\\/www.translo.es\\\/fr\\\/cookies\\\/#breadcrumb\",\"itemListElement\":[{\"@type\":\"ListItem\",\"position\":1,\"name\":\"Portada\",\"item\":\"https:\\\/\\\/www.translo.es\\\/fr\\\/\"},{\"@type\":\"ListItem\",\"position\":2,\"name\":\"Cookies\"}]},{\"@type\":\"WebSite\",\"@id\":\"https:\\\/\\\/www.translo.es\\\/#website\",\"url\":\"https:\\\/\\\/www.translo.es\\\/\",\"name\":\"TRANSLOGRO\u00d1O\",\"description\":\"Trans Logro\u00f1o es una empresa log\u00edstica que ofrece soluciones de transporte de \u00e1mbito nacional e internacional.\",\"potentialAction\":[{\"@type\":\"SearchAction\",\"target\":{\"@type\":\"EntryPoint\",\"urlTemplate\":\"https:\\\/\\\/www.translo.es\\\/?s={search_term_string}\"},\"query-input\":{\"@type\":\"PropertyValueSpecification\",\"valueRequired\":true,\"valueName\":\"search_term_string\"}}],\"inLanguage\":\"fr-FR\"}]}<\/script>\n<!-- \/ Yoast SEO plugin. -->","yoast_head_json":{"title":"Cookies - TRANSLOGRO\u00d1O","robots":{"index":"index","follow":"follow","max-snippet":"max-snippet:-1","max-image-preview":"max-image-preview:large","max-video-preview":"max-video-preview:-1"},"canonical":"https:\/\/www.translo.es\/fr\/cookies\/","og_locale":"fr_FR","og_type":"article","og_title":"Cookies - TRANSLOGRO\u00d1O","og_description":"[vc_row][vc_column dfd_column_responsive_enable=\u00a0\u00bbdfd-column-responsive-enable\u00a0\u00bb col_shadow=\u00a0\u00bbbox_shadow_enable:disable|shadow_horizontal:0|shadow_vertical:15|shadow_blur:50|shadow_spread:0|box_shadow_color:rgba(0%2C0%2C0%2C0.35)\u00a0\u00bb col_shadow_hover=\u00a0\u00bbbox_shadow_enable:disable|shadow_horizontal:0|shadow_vertical:15|shadow_blur:50|shadow_spread:0|box_shadow_color:rgba(0%2C0%2C0%2C0.35)\u00a0\u00bb responsive_styles=\u00a0\u00bbpadding_left_tablet:25|padding_right_tablet:25|padding_left_mobile:25|padding_right_mobile:25&Prime;][dfd_spacer screen_wide_spacer_size=\u00a0\u00bb60&Prime; screen_normal_resolution=\u00a0\u00bb1024&Prime; screen_tablet_resolution=\u00a0\u00bb800&Prime; screen_mobile_resolution=\u00a0\u00bb480&Prime;][vc_column_text]Nous utilisons des cookies pour faciliter l\u2019utilisation de notre site Web.\u00a0Les cookies sont de petits fichiers d\u2019information qui nous permettent de comparer","og_url":"https:\/\/www.translo.es\/fr\/cookies\/","og_site_name":"TRANSLOGRO\u00d1O","article_modified_time":"2021-05-26T12:18:39+00:00","twitter_card":"summary_large_image","twitter_misc":{"Dur\u00e9e de lecture estim\u00e9e":"4 minutes"},"schema":{"@context":"https:\/\/schema.org","@graph":[{"@type":"WebPage","@id":"https:\/\/www.translo.es\/fr\/cookies\/","url":"https:\/\/www.translo.es\/fr\/cookies\/","name":"Cookies - TRANSLOGRO\u00d1O","isPartOf":{"@id":"https:\/\/www.translo.es\/#website"},"datePublished":"2020-04-01T17:28:26+00:00","dateModified":"2021-05-26T12:18:39+00:00","breadcrumb":{"@id":"https:\/\/www.translo.es\/fr\/cookies\/#breadcrumb"},"inLanguage":"fr-FR","potentialAction":[{"@type":"ReadAction","target":["https:\/\/www.translo.es\/fr\/cookies\/"]}]},{"@type":"BreadcrumbList","@id":"https:\/\/www.translo.es\/fr\/cookies\/#breadcrumb","itemListElement":[{"@type":"ListItem","position":1,"name":"Portada","item":"https:\/\/www.translo.es\/fr\/"},{"@type":"ListItem","position":2,"name":"Cookies"}]},{"@type":"WebSite","@id":"https:\/\/www.translo.es\/#website","url":"https:\/\/www.translo.es\/","name":"TRANSLOGRO\u00d1O","description":"Trans Logro\u00f1o es una empresa log\u00edstica que ofrece soluciones de transporte de \u00e1mbito nacional e internacional.","potentialAction":[{"@type":"SearchAction","target":{"@type":"EntryPoint","urlTemplate":"https:\/\/www.translo.es\/?s={search_term_string}"},"query-input":{"@type":"PropertyValueSpecification","valueRequired":true,"valueName":"search_term_string"}}],"inLanguage":"fr-FR"}]}},"post_mailing_queue_ids":[],"_links":{"self":[{"href":"https:\/\/www.translo.es\/fr\/wp-json\/wp\/v2\/pages\/1500","targetHints":{"allow":["GET"]}}],"collection":[{"href":"https:\/\/www.translo.es\/fr\/wp-json\/wp\/v2\/pages"}],"about":[{"href":"https:\/\/www.translo.es\/fr\/wp-json\/wp\/v2\/types\/page"}],"author":[{"embeddable":true,"href":"https:\/\/www.translo.es\/fr\/wp-json\/wp\/v2\/users\/1"}],"replies":[{"embeddable":true,"href":"https:\/\/www.translo.es\/fr\/wp-json\/wp\/v2\/comments?post=1500"}],"version-history":[{"count":10,"href":"https:\/\/www.translo.es\/fr\/wp-json\/wp\/v2\/pages\/1500\/revisions"}],"predecessor-version":[{"id":1826,"href":"https:\/\/www.translo.es\/fr\/wp-json\/wp\/v2\/pages\/1500\/revisions\/1826"}],"wp:attachment":[{"href":"https:\/\/www.translo.es\/fr\/wp-json\/wp\/v2\/media?parent=1500"}],"curies":[{"name":"wp","href":"https:\/\/api.w.org\/{rel}","templated":true}]}}