{"id":1490,"date":"2020-04-02T08:48:24","date_gmt":"2020-04-02T08:48:24","guid":{"rendered":"http:\/\/www.translo.es\/datos-agencia-transportes-trans-logrono-rioja\/"},"modified":"2021-05-25T08:49:23","modified_gmt":"2021-05-25T08:49:23","slug":"coordonnees-agence-transports-trans-logrono-rioja","status":"publish","type":"page","link":"https:\/\/www.translo.es\/fr\/coordonnees-agence-transports-trans-logrono-rioja\/","title":{"rendered":"Contact"},"content":{"rendered":"<div class=\"wpb-content-wrapper\"><p>[vc_row dfd_row_config=\u00a0\u00bbfull_width_content\u00a0\u00bb force_equal_height_columns=\u00a0\u00bbmain_row\u00a0\u00bb dfd_row_responsive_enable=\u00a0\u00bbdfd-row-responsive-enable\u00a0\u00bb row_content_width=\u00a0\u00bbgrid\u00a0\u00bb responsive_styles=\u00a0\u00bbpadding_left_tablet:20|padding_right_tablet:20|padding_left_mobile:20|padding_right_mobile:20&Prime;][vc_column width=\u00a0\u00bb1\/2&Prime; dfd_column_responsive_enable=\u00a0\u00bbdfd-column-responsive-enable\u00a0\u00bb el_class=\u00a0\u00bbmediacolboxedleft\u00a0\u00bb col_shadow=\u00a0\u00bbbox_shadow_enable:disable|shadow_horizontal:0|shadow_vertical:15|shadow_blur:50|shadow_spread:0|box_shadow_color:rgba(0%2C0%2C0%2C0.35)\u00a0\u00bb col_shadow_hover=\u00a0\u00bbbox_shadow_enable:disable|shadow_horizontal:0|shadow_vertical:15|shadow_blur:50|shadow_spread:0|box_shadow_color:rgba(0%2C0%2C0%2C0.35)\u00a0\u00bb css=\u00a0\u00bb.vc_custom_1617893871788{padding-right: 80px !important;}\u00a0\u00bb responsive_styles=\u00a0\u00bbpadding_left_tablet:0|padding_right_tablet:0|padding_left_mobile:0|padding_right_mobile:0&Prime;][dfd_spacer screen_wide_spacer_size=\u00a0\u00bb60&Prime; screen_normal_resolution=\u00a0\u00bb1024&Prime; screen_tablet_resolution=\u00a0\u00bb800&Prime; screen_mobile_resolution=\u00a0\u00bb480&Prime;][dfd_heading subtitle=\u00a0\u00bb\u00a0\u00bb content_alignment=\u00a0\u00bbtext-left\u00a0\u00bb module_animation=\u00a0\u00bbtransition.slideDownBigIn\u00a0\u00bb enable_delimiter=\u00a0\u00bb\u00a0\u00bb undefined=\u00a0\u00bb\u00a0\u00bb title_font_options=\u00a0\u00bbtag:h2&Prime; subtitle_font_options=\u00a0\u00bbtag:h6&Prime; subtitle_google_fonts=\u00a0\u00bbyes\u00a0\u00bb subtitle_custom_fonts=\u00a0\u00bbfont_family:Montserrat%3Aregular%2C700&Prime;]<span class=\"rojo\">TRANS<\/span>LOGRO\u00d1O[\/dfd_heading][dfd_spacer screen_wide_spacer_size=\u00a0\u00bb30&Prime; screen_normal_resolution=\u00a0\u00bb1024&Prime; screen_tablet_resolution=\u00a0\u00bb800&Prime; screen_mobile_resolution=\u00a0\u00bb480&Prime;][vc_column_text item_animation=\u00a0\u00bbtransition.fadeIn\u00a0\u00bb]<\/p>\n<p style=\"text-align: justify;\">Vous pouvez nous joindre \u00e0 travers le t\u00e9l\u00e9phone, fax, courriel ou notre formulaire de contact. Ce sera un plaisir vous r\u00e9pondre.<\/p>\n<p>[\/vc_column_text][dfd_spacer screen_wide_spacer_size=\u00a0\u00bb30&Prime; screen_normal_resolution=\u00a0\u00bb1024&Prime; screen_tablet_resolution=\u00a0\u00bb800&Prime; screen_mobile_resolution=\u00a0\u00bb480&Prime;][dfd_icon_list module_animation=\u00a0\u00bbtransition.fadeIn\u00a0\u00bb list_fields=\u00a0\u00bb%5B%7B%22icon_type%22%3A%22selector%22%2C%22select_icon%22%3A%22dfd_icons%22%2C%22ic_dfd_icons%22%3A%22dfd-socicon-telephone-handle-silhouette%22%2C%22text_content%22%3A%22%3Cstrong%3ET%C3%A9l%C3%A9phone%3C%2Fstrong%3E%3A%20(%2B34)%20941.235.586.%22%7D%2C%7B%22icon_type%22%3A%22selector%22%2C%22select_icon%22%3A%22dfd_icons%22%2C%22ic_dfd_icons%22%3A%22dfd-socicon-printing-tool%22%2C%22text_content%22%3A%22%3Cstrong%3EFAX%3C%2Fstrong%3E%3A%20(%2B34)%20941.259.286%20%22%7D%2C%7B%22icon_type%22%3A%22selector%22%2C%22select_icon%22%3A%22dfd_icons%22%2C%22ic_dfd_icons%22%3A%22dfd-socicon-paper-push-pin%22%2C%22text_content%22%3A%22%3Cstrong%3EAdresse%3C%2Fstrong%3E%3A%20Ser%C3%B3n%2033-37%2C%20Pol%C3%ADgono%20La%20Portalada.%2026006%20Logro%C3%B1o%20(La%20Rioja).%22%7D%2C%7B%22icon_type%22%3A%22selector%22%2C%22select_icon%22%3A%22dfd_icons%22%2C%22ic_dfd_icons%22%3A%22dfd-socicon-envelope-of-white-paper%22%2C%22text_content%22%3A%22%3Cstrong%3EEmail%3C%2Fstrong%3E%3A%3Ca%20href%3D%5C%22mailto%3Ainfo%40translo.es%5C%22%3Einfo%40translo.es.%3C%2Fa%3E%22%7D%5D\u00a0\u00bb del_height=\u00a0\u00bb1&Prime; main_style=\u00a0\u00bbstyle-2&Prime; font_options=\u00a0\u00bbtag:div|font_size:14&Prime; icon_color=\u00a0\u00bb#c8102e\u00a0\u00bb icon_size=\u00a0\u00bb22&Prime; tutorials=\u00a0\u00bb\u00a0\u00bb][dfd_spacer screen_wide_spacer_size=\u00a0\u00bb60&Prime; screen_normal_resolution=\u00a0\u00bb1024&Prime; screen_tablet_resolution=\u00a0\u00bb800&Prime; screen_mobile_resolution=\u00a0\u00bb480&Prime;][\/vc_column][vc_column width=\u00a0\u00bb1\/2&Prime; css=\u00a0\u00bb.vc_custom_1617878557476{background-color: #ebe9e5 !important;}\u00a0\u00bb col_shadow=\u00a0\u00bbbox_shadow_enable:disable|shadow_horizontal:0|shadow_vertical:15|shadow_blur:50|shadow_spread:0|box_shadow_color:rgba(0%2C0%2C0%2C0.35)\u00a0\u00bb col_shadow_hover=\u00a0\u00bbbox_shadow_enable:disable|shadow_horizontal:0|shadow_vertical:15|shadow_blur:50|shadow_spread:0|box_shadow_color:rgba(0%2C0%2C0%2C0.35)\u00a0\u00bb][vc_column_text item_animation=\u00a0\u00bbtransition.fadeIn\u00a0\u00bb]<iframe loading=\"lazy\" style=\"border: 0;\" tabindex=\"0\" src=\"https:\/\/www.google.com\/maps\/embed?pb=!1m18!1m12!1m3!1d23546.93580554763!2d-2.447818455671274!3d42.462483167516844!2m3!1f0!2f0!3f0!3m2!1i1024!2i768!4f13.1!3m3!1m2!1s0xd5aab91c2408541%3A0x61eeccf3ae835293!2sTrans%20Logro%C3%B1o%20S.A.!5e0!3m2!1ses!2ses!4v1617809249573!5m2!1ses!2ses\" width=\"100%\" height=\"486\" frameborder=\"0\" allowfullscreen=\"allowfullscreen\" aria-hidden=\"false\"><\/iframe>[\/vc_column_text][\/vc_column][\/vc_row][vc_row dfd_row_config=\"full_width_content\" anchor=\"dinos\" css=\".vc_custom_1617029311562{background-image: url(http:\/\/www.translo.es\/wp-content\/uploads\/2021\/03\/fondo-contacto.jpg?id=286) !important;background-position: center !important;background-repeat: no-repeat !important;background-size: cover !important;}\"][vc_column col_shadow=\"box_shadow_enable:disable|shadow_horizontal:0|shadow_vertical:15|shadow_blur:50|shadow_spread:0|box_shadow_color:rgba(0%2C0%2C0%2C0.35)\" col_shadow_hover=\"box_shadow_enable:disable|shadow_horizontal:0|shadow_vertical:15|shadow_blur:50|shadow_spread:0|box_shadow_color:rgba(0%2C0%2C0%2C0.35)\" offset=\"vc_hidden-sm vc_hidden-xs\"][dfd_spacer screen_wide_spacer_size=\"900\" screen_normal_resolution=\"1024\" screen_tablet_resolution=\"800\" screen_mobile_resolution=\"480\" screen_normal_spacer_size=\"900\" screen_tablet_spacer_size=\"900\" screen_mobile_spacer_size=\"900\"][\/vc_column][\/vc_row][vc_row force_equal_height_columns=\"main_row\"][vc_column][vc_row_inner dfd_row_responsive_enable=\"dfd-row-responsive-enable\" el_class=\"sombra\" css=\".vc_custom_1618311138055{margin-top: -750px !important;}\" responsive_styles=\"margin_top_tablet:0|margin_top_mobile:0\"][vc_column_inner width=\"1\/2\" css=\".vc_custom_1618400938710{padding-right: 0px !important;padding-left: 0px !important;background-position: center !important;background-repeat: no-repeat !important;background-size: cover !important;}\" col_inner_shadow=\"box_shadow_enable:disable|shadow_horizontal:0|shadow_vertical:15|shadow_blur:50|shadow_spread:0|box_shadow_color:rgba(0%2C0%2C0%2C0.35)\" col_inner_shadow_hover=\"box_shadow_enable:disable|shadow_horizontal:0|shadow_vertical:15|shadow_blur:50|shadow_spread:0|box_shadow_color:rgba(0%2C0%2C0%2C0.35)\"][dfd_single_image image=\"956\"][\/vc_column_inner][vc_column_inner width=\"1\/2\" css=\".vc_custom_1617713974990{padding-top: 25px !important;padding-right: 25px !important;padding-left: 25px !important;background-color: #ffffff !important;}\" col_inner_shadow=\"box_shadow_enable:disable|shadow_horizontal:0|shadow_vertical:15|shadow_blur:50|shadow_spread:0|box_shadow_color:rgba(0%2C0%2C0%2C0.35)\" col_inner_shadow_hover=\"box_shadow_enable:disable|shadow_horizontal:0|shadow_vertical:15|shadow_blur:50|shadow_spread:0|box_shadow_color:rgba(0%2C0%2C0%2C0.35)\"][dfd_spacer screen_wide_spacer_size=\"0\" screen_normal_resolution=\"1024\" screen_tablet_resolution=\"800\" screen_mobile_resolution=\"480\" screen_mobile_spacer_size=\"30\"][dfd_heading subtitle=\"\" content_alignment=\"text-left\" enable_delimiter=\"\" undefined=\"\" title_font_options=\"tag:h2\" subtitle_font_options=\"tag:div\" el_class=\"dinos-necesitas\" tutorials=\"\"]<span class=\"rojo\">Dites nous<\/span> de quoi avez vous besion[\/dfd_heading][dfd_spacer screen_wide_spacer_size=\"0\" screen_normal_resolution=\"1024\" screen_tablet_resolution=\"800\" screen_mobile_resolution=\"480\" screen_mobile_spacer_size=\"30\"]\n<div class=\"wpcf7 no-js\" id=\"wpcf7-f1527-o1\" lang=\"es-ES\" dir=\"ltr\" data-wpcf7-id=\"1527\">\n<div class=\"screen-reader-response\"><p role=\"status\" aria-live=\"polite\" aria-atomic=\"true\"><\/p> <ul><\/ul><\/div>\n<form action=\"\/fr\/wp-json\/wp\/v2\/pages\/1490#wpcf7-f1527-o1\" method=\"post\" class=\"wpcf7-form init\" aria-label=\"Formulario de contacto\" novalidate=\"novalidate\" data-status=\"init\">\n<fieldset class=\"hidden-fields-container\"><input type=\"hidden\" name=\"_wpcf7\" value=\"1527\" \/><input type=\"hidden\" name=\"_wpcf7_version\" value=\"6.1.5\" \/><input type=\"hidden\" name=\"_wpcf7_locale\" value=\"es_ES\" \/><input type=\"hidden\" name=\"_wpcf7_unit_tag\" value=\"wpcf7-f1527-o1\" \/><input type=\"hidden\" name=\"_wpcf7_container_post\" value=\"0\" \/><input type=\"hidden\" name=\"_wpcf7_posted_data_hash\" value=\"\" \/><input type=\"hidden\" name=\"_wpcf7_recaptcha_response\" value=\"\" \/>\n<\/fieldset>\n<div id=\"responsive-form-contacto\" class=\"clearfix\">\n\t<div class=\"form-row-contacto\">\n\t\t<div class=\"column-half\">\n\t\t\t<p><span class=\"wpcf7-form-control-wrap\" data-name=\"nombre\"><input size=\"40\" maxlength=\"400\" class=\"wpcf7-form-control wpcf7-text wpcf7-validates-as-required textocontacto\" id=\"nombre\" aria-required=\"true\" aria-invalid=\"false\" placeholder=\"Nom*\" value=\"\" type=\"text\" name=\"nombre\" \/><\/span>\n\t\t\t<\/p>\n\t\t<\/div>\n\t\t<div class=\"column-half\">\n\t\t\t<p><span class=\"wpcf7-form-control-wrap\" data-name=\"empresa\"><input size=\"40\" maxlength=\"400\" class=\"wpcf7-form-control wpcf7-text wpcf7-validates-as-required textocontacto\" id=\"empresa\" aria-required=\"true\" aria-invalid=\"false\" placeholder=\"Entreprise*\" value=\"\" type=\"text\" name=\"empresa\" \/><\/span>\n\t\t\t<\/p>\n\t\t<\/div>\n\t<\/div>\n\t<div class=\"form-row-contacto\">\n\t\t<div class=\"column-half\">\n\t\t\t<p><span class=\"wpcf7-form-control-wrap\" data-name=\"telefono\"><input size=\"40\" maxlength=\"400\" class=\"wpcf7-form-control wpcf7-text wpcf7-validates-as-required textocontacto\" id=\"telefono\" aria-required=\"true\" aria-invalid=\"false\" placeholder=\"T\u00e9l\u00e9phone*\" value=\"\" type=\"text\" name=\"telefono\" \/><\/span>\n\t\t\t<\/p>\n\t\t<\/div>\n\t\t<div class=\"column-half\">\n\t\t\t<p><span class=\"wpcf7-form-control-wrap\" data-name=\"email\"><input size=\"40\" maxlength=\"400\" class=\"wpcf7-form-control wpcf7-email wpcf7-validates-as-required wpcf7-text wpcf7-validates-as-email textocontacto\" id=\"email\" aria-required=\"true\" aria-invalid=\"false\" placeholder=\"Email*\" value=\"\" type=\"email\" name=\"email\" \/><\/span>\n\t\t\t<\/p>\n\t\t<\/div>\n\t<\/div>\n\t<div class=\"form-row-contacto\">\n\t\t<div class=\"column-full\">\n\t\t\t<p><textarea placeholder=\"Message*\" name=\"mensaje\" rows=\"1\"  class=\"wpcf7-form-control wpcf7-textarea\" aria-invalid=\"false\"><\/textarea>\n\t\t\t<\/p>\n\t\t<\/div>\n\t<\/div>\n\t<div class=\"form-row-contacto\">\n\t\t<div class=\"column-half-recaptcha\">\n\t\t\t<div class=\"captcha-formulario\">\n\t\t\t<span class=\"wpcf7-form-control-wrap recaptcha\" data-name=\"recaptcha\"><span data-sitekey=\"6Lc2-5QaAAAAALaoQLepZj0YyYAqsKweoHHevwD0\" class=\"wpcf7-form-control wpcf7-recaptcha g-recaptcha\"><\/span>\r\n<noscript>\r\n\t<div class=\"grecaptcha-noscript\">\r\n\t\t<iframe loading=\"lazy\" src=\"https:\/\/www.google.com\/recaptcha\/api\/fallback?k=6Lc2-5QaAAAAALaoQLepZj0YyYAqsKweoHHevwD0\" frameborder=\"0\" scrolling=\"no\" width=\"310\" height=\"430\">\r\n\t\t<\/iframe>\r\n\t\t<textarea name=\"g-recaptcha-response\" rows=\"3\" cols=\"40\" placeholder=\"Aqu\u00ed la respuesta de reCAPTCHA\">\r\n\t\t<\/textarea>\r\n\t<\/div>\r\n<\/noscript>\r\n<\/span>\n\t\t\t\t<p><span class=\"acepterms\" style=\"top: 4px; position: relative; color: #000!Important;\" ><span class=\"wpcf7-form-control-wrap\" data-name=\"check-acepto\"><span class=\"wpcf7-form-control wpcf7-checkbox wpcf7-validates-as-required\"><span class=\"wpcf7-list-item first last\"><input type=\"checkbox\" name=\"check-acepto[]\" value=\"\" \/><span class=\"wpcf7-list-item-label\"><\/span><\/span><\/span><\/span><span style=\"font-size:15px;color: #000!Important; top: 6px; left: 5px;position: relative;\">J\u00b4accepte la <a href=\"http:\/\/www.translo.es\/fr\/politique-de-confidentialite\/\" class=\"enlace\" target=\"_blank\" style=\"font-weight:400;\" >politique de confidentialit\u00e9<\/a><\/span><br \/>\n<\/span>\n\t\t\t\t<\/p>\n\t\t\t<\/div>\n\t\t<\/div>\n\t\t<div class=\"column-half-textolegal\">\n\t\t\t<p><span style=\"text-align:right !important;\">* Tous les champs son obligatoires.<\/span><br \/>\nLes donn\u00e9es personnelles sont trait\u00e9es par TRANS-LOGRO\u00d1O S.A. : Pol\u00edgono Industrial La Portalada, calle Ser\u00f3n N\u00ba33 C.P. 26006 Localit\u00e9 : Logro\u00f1o et CIF A-26053413 avec votre consentement ou une autre base l\u00e9gitime. La finalit\u00e9 du traitement est de pouvoir gestionner votre demande de contact. Elles ne seront c\u00e9d\u00e9es, sauve cause justifi\u00e9e et elles seront conserv\u00e9es pendant qu\u00b4il existe une base l\u00e9gale pour les maintenir. Vous pouvez exercer vos droits dans les termes indiqu\u00e9s dans notre <a href=\"http:\/\/www.translo.es\/fr\/politique-de-confidentialite\/\"  target=\"_blank\" style=\"font-weight:400;\" class=\"enlace\">politique de privacit\u00e9.<\/a>\n\t\t\t<\/p>\n\t\t<\/div>\n\t<\/div>\n\t<p><span id=\"wpcf7-69eb696ba2b30-wrapper\" class=\"wpcf7-form-control-wrap honeypot-724-wrap\" style=\"display:none !important; visibility:hidden !important;\"><label for=\"wpcf7-69eb696ba2b30-field\" class=\"hp-message\">Por favor, deja este campo vac\u00edo.<\/label><input id=\"wpcf7-69eb696ba2b30-field\"  class=\"wpcf7-form-control wpcf7-text\" type=\"text\" name=\"honeypot-724\" value=\"\" size=\"40\" tabindex=\"-1\" autocomplete=\"new-password\" \/><\/span>\n\t<\/p>\n\t<div class=\"form-row-contacto\">\n\t\t<div class=\"column-half\">\n\t\t<\/div>\n\t\t<div class=\"column-half\">\n\t\t\t<div class=\"cont-button\">\n\t\t\t\t<p><input class=\"wpcf7-form-control wpcf7-submit has-spinner\" type=\"submit\" value=\"Enviar\" \/>\n\t\t\t\t<\/p>\n\t\t\t<\/div>\n\t\t<\/div>\n\t<\/div>\n<\/div><p style=\"display: none !important;\" class=\"akismet-fields-container\" data-prefix=\"_wpcf7_ak_\"><label>&#916;<textarea name=\"_wpcf7_ak_hp_textarea\" cols=\"45\" rows=\"8\" maxlength=\"100\"><\/textarea><\/label><input type=\"hidden\" id=\"ak_js_1\" name=\"_wpcf7_ak_js\" value=\"117\"\/><script>document.getElementById( \"ak_js_1\" ).setAttribute( \"value\", ( new Date() ).getTime() );<\/script><\/p><div class=\"wpcf7-response-output\" aria-hidden=\"true\"><\/div>\n<\/form>\n<\/div>\n[\/vc_column_inner][\/vc_row_inner][\/vc_column][\/vc_row]<\/p>\n<\/div>","protected":false},"excerpt":{"rendered":"<p>[vc_row dfd_row_config=\u00a0\u00bbfull_width_content\u00a0\u00bb force_equal_height_columns=\u00a0\u00bbmain_row\u00a0\u00bb dfd_row_responsive_enable=\u00a0\u00bbdfd-row-responsive-enable\u00a0\u00bb row_content_width=\u00a0\u00bbgrid\u00a0\u00bb responsive_styles=\u00a0\u00bbpadding_left_tablet:20|padding_right_tablet:20|padding_left_mobile:20|padding_right_mobile:20&Prime;][vc_column width=\u00a0\u00bb1\/2&Prime; dfd_column_responsive_enable=\u00a0\u00bbdfd-column-responsive-enable\u00a0\u00bb el_class=\u00a0\u00bbmediacolboxedleft\u00a0\u00bb col_shadow=\u00a0\u00bbbox_shadow_enable:disable|shadow_horizontal:0|shadow_vertical:15|shadow_blur:50|shadow_spread:0|box_shadow_color:rgba(0%2C0%2C0%2C0.35)\u00a0\u00bb col_shadow_hover=\u00a0\u00bbbox_shadow_enable:disable|shadow_horizontal:0|shadow_vertical:15|shadow_blur:50|shadow_spread:0|box_shadow_color:rgba(0%2C0%2C0%2C0.35)\u00a0\u00bb css=\u00a0\u00bb.vc_custom_1617893871788{padding-right: 80px !important;}\u00a0\u00bb responsive_styles=\u00a0\u00bbpadding_left_tablet:0|padding_right_tablet:0|padding_left_mobile:0|padding_right_mobile:0&Prime;][dfd_spacer screen_wide_spacer_size=\u00a0\u00bb60&Prime; screen_normal_resolution=\u00a0\u00bb1024&Prime; screen_tablet_resolution=\u00a0\u00bb800&Prime; screen_mobile_resolution=\u00a0\u00bb480&Prime;][dfd_heading subtitle=\u00a0\u00bb\u00a0\u00bb content_alignment=\u00a0\u00bbtext-left\u00a0\u00bb module_animation=\u00a0\u00bbtransition.slideDownBigIn\u00a0\u00bb enable_delimiter=\u00a0\u00bb\u00a0\u00bb undefined=\u00a0\u00bb\u00a0\u00bb title_font_options=\u00a0\u00bbtag:h2&Prime; subtitle_font_options=\u00a0\u00bbtag:h6&Prime; subtitle_google_fonts=\u00a0\u00bbyes\u00a0\u00bb subtitle_custom_fonts=\u00a0\u00bbfont_family:Montserrat%3Aregular%2C700&Prime;]TRANSLOGRO\u00d1O[\/dfd_heading][dfd_spacer screen_wide_spacer_size=\u00a0\u00bb30&Prime; screen_normal_resolution=\u00a0\u00bb1024&Prime;<\/p>\n","protected":false},"author":1,"featured_media":0,"parent":0,"menu_order":0,"comment_status":"closed","ping_status":"closed","template":"tmp-page.php","meta":{"footnotes":""},"class_list":["post-1490","page","type-page","status-publish","hentry"],"yoast_head":"<!-- This site is optimized with the Yoast SEO plugin v27.4 - https:\/\/yoast.com\/product\/yoast-seo-wordpress\/ -->\n<title>CONTACT : Trans Logro\u00f1o \u00b7 Agence de Transport Sp\u00e9cialis\u00e9<\/title>\n<meta name=\"description\" content=\"Contactez-nous \u00e0 travers le num\u00e9ro de t\u00e9l\u00e9phone 941.265.586 ou par e-mail info@translo.es; Nous serons enchant\u00e9s de vous r\u00e9pondre.\" \/>\n<meta name=\"robots\" content=\"index, follow, max-snippet:-1, max-image-preview:large, max-video-preview:-1\" \/>\n<link rel=\"canonical\" href=\"https:\/\/www.translo.es\/fr\/coordonnees-agence-transports-trans-logrono-rioja\/\" \/>\n<meta property=\"og:locale\" content=\"fr_FR\" \/>\n<meta property=\"og:type\" content=\"article\" \/>\n<meta property=\"og:title\" content=\"CONTACT : Trans Logro\u00f1o \u00b7 Agence de Transport Sp\u00e9cialis\u00e9\" \/>\n<meta property=\"og:description\" content=\"Contactez-nous \u00e0 travers le num\u00e9ro de t\u00e9l\u00e9phone 941.265.586 ou par e-mail info@translo.es; Nous serons enchant\u00e9s de vous r\u00e9pondre.\" \/>\n<meta property=\"og:url\" content=\"https:\/\/www.translo.es\/fr\/coordonnees-agence-transports-trans-logrono-rioja\/\" \/>\n<meta property=\"og:site_name\" content=\"TRANSLOGRO\u00d1O\" \/>\n<meta property=\"article:modified_time\" content=\"2021-05-25T08:49:23+00:00\" \/>\n<meta name=\"twitter:card\" content=\"summary_large_image\" \/>\n<meta name=\"twitter:label1\" content=\"Dur\u00e9e de lecture estim\u00e9e\" \/>\n\t<meta name=\"twitter:data1\" content=\"1 minute\" \/>\n<script type=\"application\/ld+json\" class=\"yoast-schema-graph\">{\"@context\":\"https:\\\/\\\/schema.org\",\"@graph\":[{\"@type\":\"WebPage\",\"@id\":\"https:\\\/\\\/www.translo.es\\\/fr\\\/coordonnees-agence-transports-trans-logrono-rioja\\\/\",\"url\":\"https:\\\/\\\/www.translo.es\\\/fr\\\/coordonnees-agence-transports-trans-logrono-rioja\\\/\",\"name\":\"CONTACT : Trans Logro\u00f1o \u00b7 Agence de Transport Sp\u00e9cialis\u00e9\",\"isPartOf\":{\"@id\":\"https:\\\/\\\/www.translo.es\\\/#website\"},\"datePublished\":\"2020-04-02T08:48:24+00:00\",\"dateModified\":\"2021-05-25T08:49:23+00:00\",\"description\":\"Contactez-nous \u00e0 travers le num\u00e9ro de t\u00e9l\u00e9phone 941.265.586 ou par e-mail info@translo.es; Nous serons enchant\u00e9s de vous r\u00e9pondre.\",\"breadcrumb\":{\"@id\":\"https:\\\/\\\/www.translo.es\\\/fr\\\/coordonnees-agence-transports-trans-logrono-rioja\\\/#breadcrumb\"},\"inLanguage\":\"fr-FR\",\"potentialAction\":[{\"@type\":\"ReadAction\",\"target\":[\"https:\\\/\\\/www.translo.es\\\/fr\\\/coordonnees-agence-transports-trans-logrono-rioja\\\/\"]}]},{\"@type\":\"BreadcrumbList\",\"@id\":\"https:\\\/\\\/www.translo.es\\\/fr\\\/coordonnees-agence-transports-trans-logrono-rioja\\\/#breadcrumb\",\"itemListElement\":[{\"@type\":\"ListItem\",\"position\":1,\"name\":\"Portada\",\"item\":\"https:\\\/\\\/www.translo.es\\\/fr\\\/\"},{\"@type\":\"ListItem\",\"position\":2,\"name\":\"Contact\"}]},{\"@type\":\"WebSite\",\"@id\":\"https:\\\/\\\/www.translo.es\\\/#website\",\"url\":\"https:\\\/\\\/www.translo.es\\\/\",\"name\":\"TRANSLOGRO\u00d1O\",\"description\":\"Trans Logro\u00f1o es una empresa log\u00edstica que ofrece soluciones de transporte de \u00e1mbito nacional e internacional.\",\"potentialAction\":[{\"@type\":\"SearchAction\",\"target\":{\"@type\":\"EntryPoint\",\"urlTemplate\":\"https:\\\/\\\/www.translo.es\\\/?s={search_term_string}\"},\"query-input\":{\"@type\":\"PropertyValueSpecification\",\"valueRequired\":true,\"valueName\":\"search_term_string\"}}],\"inLanguage\":\"fr-FR\"}]}<\/script>\n<!-- \/ Yoast SEO plugin. -->","yoast_head_json":{"title":"CONTACT : Trans Logro\u00f1o \u00b7 Agence de Transport Sp\u00e9cialis\u00e9","description":"Contactez-nous \u00e0 travers le num\u00e9ro de t\u00e9l\u00e9phone 941.265.586 ou par e-mail info@translo.es; Nous serons enchant\u00e9s de vous r\u00e9pondre.","robots":{"index":"index","follow":"follow","max-snippet":"max-snippet:-1","max-image-preview":"max-image-preview:large","max-video-preview":"max-video-preview:-1"},"canonical":"https:\/\/www.translo.es\/fr\/coordonnees-agence-transports-trans-logrono-rioja\/","og_locale":"fr_FR","og_type":"article","og_title":"CONTACT : Trans Logro\u00f1o \u00b7 Agence de Transport Sp\u00e9cialis\u00e9","og_description":"Contactez-nous \u00e0 travers le num\u00e9ro de t\u00e9l\u00e9phone 941.265.586 ou par e-mail info@translo.es; Nous serons enchant\u00e9s de vous r\u00e9pondre.","og_url":"https:\/\/www.translo.es\/fr\/coordonnees-agence-transports-trans-logrono-rioja\/","og_site_name":"TRANSLOGRO\u00d1O","article_modified_time":"2021-05-25T08:49:23+00:00","twitter_card":"summary_large_image","twitter_misc":{"Dur\u00e9e de lecture estim\u00e9e":"1 minute"},"schema":{"@context":"https:\/\/schema.org","@graph":[{"@type":"WebPage","@id":"https:\/\/www.translo.es\/fr\/coordonnees-agence-transports-trans-logrono-rioja\/","url":"https:\/\/www.translo.es\/fr\/coordonnees-agence-transports-trans-logrono-rioja\/","name":"CONTACT : Trans Logro\u00f1o \u00b7 Agence de Transport Sp\u00e9cialis\u00e9","isPartOf":{"@id":"https:\/\/www.translo.es\/#website"},"datePublished":"2020-04-02T08:48:24+00:00","dateModified":"2021-05-25T08:49:23+00:00","description":"Contactez-nous \u00e0 travers le num\u00e9ro de t\u00e9l\u00e9phone 941.265.586 ou par e-mail info@translo.es; Nous serons enchant\u00e9s de vous r\u00e9pondre.","breadcrumb":{"@id":"https:\/\/www.translo.es\/fr\/coordonnees-agence-transports-trans-logrono-rioja\/#breadcrumb"},"inLanguage":"fr-FR","potentialAction":[{"@type":"ReadAction","target":["https:\/\/www.translo.es\/fr\/coordonnees-agence-transports-trans-logrono-rioja\/"]}]},{"@type":"BreadcrumbList","@id":"https:\/\/www.translo.es\/fr\/coordonnees-agence-transports-trans-logrono-rioja\/#breadcrumb","itemListElement":[{"@type":"ListItem","position":1,"name":"Portada","item":"https:\/\/www.translo.es\/fr\/"},{"@type":"ListItem","position":2,"name":"Contact"}]},{"@type":"WebSite","@id":"https:\/\/www.translo.es\/#website","url":"https:\/\/www.translo.es\/","name":"TRANSLOGRO\u00d1O","description":"Trans Logro\u00f1o es una empresa log\u00edstica que ofrece soluciones de transporte de \u00e1mbito nacional e internacional.","potentialAction":[{"@type":"SearchAction","target":{"@type":"EntryPoint","urlTemplate":"https:\/\/www.translo.es\/?s={search_term_string}"},"query-input":{"@type":"PropertyValueSpecification","valueRequired":true,"valueName":"search_term_string"}}],"inLanguage":"fr-FR"}]}},"post_mailing_queue_ids":[],"_links":{"self":[{"href":"https:\/\/www.translo.es\/fr\/wp-json\/wp\/v2\/pages\/1490","targetHints":{"allow":["GET"]}}],"collection":[{"href":"https:\/\/www.translo.es\/fr\/wp-json\/wp\/v2\/pages"}],"about":[{"href":"https:\/\/www.translo.es\/fr\/wp-json\/wp\/v2\/types\/page"}],"author":[{"embeddable":true,"href":"https:\/\/www.translo.es\/fr\/wp-json\/wp\/v2\/users\/1"}],"replies":[{"embeddable":true,"href":"https:\/\/www.translo.es\/fr\/wp-json\/wp\/v2\/comments?post=1490"}],"version-history":[{"count":13,"href":"https:\/\/www.translo.es\/fr\/wp-json\/wp\/v2\/pages\/1490\/revisions"}],"predecessor-version":[{"id":1816,"href":"https:\/\/www.translo.es\/fr\/wp-json\/wp\/v2\/pages\/1490\/revisions\/1816"}],"wp:attachment":[{"href":"https:\/\/www.translo.es\/fr\/wp-json\/wp\/v2\/media?parent=1490"}],"curies":[{"name":"wp","href":"https:\/\/api.w.org\/{rel}","templated":true}]}}