{"id":1230,"date":"2020-04-01T17:17:03","date_gmt":"2020-04-01T17:17:03","guid":{"rendered":"http:\/\/www.translo.es\/aviso-legal\/"},"modified":"2021-05-11T16:52:26","modified_gmt":"2021-05-11T16:52:26","slug":"mentions-legales","status":"publish","type":"page","link":"https:\/\/www.translo.es\/fr\/mentions-legales\/","title":{"rendered":"M\u00e9ntions l\u00e9gales"},"content":{"rendered":"<div class=\"wpb-content-wrapper\"><p>[vc_row][vc_column offset=\u00a0\u00bbvc_hidden-md vc_hidden-sm vc_hidden-xs\u00a0\u00bb col_shadow=\u00a0\u00bbbox_shadow_enable:disable|shadow_horizontal:0|shadow_vertical:15|shadow_blur:50|shadow_spread:0|box_shadow_color:rgba(0%2C0%2C0%2C0.35)\u00a0\u00bb col_shadow_hover=\u00a0\u00bbbox_shadow_enable:disable|shadow_horizontal:0|shadow_vertical:15|shadow_blur:50|shadow_spread:0|box_shadow_color:rgba(0%2C0%2C0%2C0.35)\u00a0\u00bb][dfd_spacer screen_wide_spacer_size=\u00a0\u00bb100&Prime; screen_normal_resolution=\u00a0\u00bb1024&Prime; screen_tablet_resolution=\u00a0\u00bb800&Prime; screen_mobile_resolution=\u00a0\u00bb480&Prime;][\/vc_column][\/vc_row][vc_row dfd_row_config=\u00a0\u00bbfull_width_content\u00a0\u00bb el_class=\u00a0\u00bbencabezado\u00a0\u00bb bg_check=\u00a0\u00bbrow-background-dark\u00a0\u00bb css=\u00a0\u00bb.vc_custom_1617706415634{border-bottom-width: 1px !important;background-image: url(http:\/\/www.translo.es\/wp-content\/uploads\/2021\/04\/cabecera_responsabilidad.jpg?id=731) !important;background-position: center !important;background-repeat: no-repeat !important;background-size: cover !important;border-bottom-color: #ffffff !important;border-bottom-style: solid !important;}\u00a0\u00bb][vc_column][dfd_heading style=\u00a0\u00bbstyle_02&Prime; subtitle=\u00a0\u00bbTranslogro\u00f1o\u00a0\u00bb enable_delimiter=\u00a0\u00bb\u00a0\u00bb undefined=\u00a0\u00bb\u00a0\u00bb title_font_options=\u00a0\u00bbtag:h1&Prime; subtitle_font_options=\u00a0\u00bbtag:div\u00a0\u00bb]M\u00e9ntions l\u00e9gales[\/dfd_heading][\/vc_column][\/vc_row][vc_row][vc_column dfd_column_responsive_enable=\u00a0\u00bbdfd-column-responsive-enable\u00a0\u00bb col_shadow=\u00a0\u00bbbox_shadow_enable:disable|shadow_horizontal:0|shadow_vertical:15|shadow_blur:50|shadow_spread:0|box_shadow_color:rgba(0%2C0%2C0%2C0.35)\u00a0\u00bb col_shadow_hover=\u00a0\u00bbbox_shadow_enable:disable|shadow_horizontal:0|shadow_vertical:15|shadow_blur:50|shadow_spread:0|box_shadow_color:rgba(0%2C0%2C0%2C0.35)\u00a0\u00bb responsive_styles=\u00a0\u00bbpadding_left_tablet:25|padding_right_tablet:25|padding_left_mobile:25|padding_right_mobile:25&Prime;][dfd_spacer screen_wide_spacer_size=\u00a0\u00bb100&Prime; screen_normal_resolution=\u00a0\u00bb1024&Prime; screen_tablet_resolution=\u00a0\u00bb800&Prime; screen_mobile_resolution=\u00a0\u00bb480&Prime; screen_tablet_spacer_size=\u00a0\u00bb60&Prime; screen_mobile_spacer_size=\u00a0\u00bb60&Prime;][vc_column_text]<\/p>\n<ol>\n<li><strong>OBJET<\/strong><\/li>\n<\/ol>\n<p>Art.10 LSSI <a href=\"http:\/\/www.translo.es\">www.translo.es<\/a> est un domaine sur internet et la titularit\u00e9 appartient \u00e0 TRANS-LOGRO\u00d1O, S.A., domicile social \u00e0 Pol\u00edgono Industrial La Portalada, calle Ser\u00f3n N\u00ba33. et CIF A-26053413. L\u00b4entreprise et inscrite au Registro Mercantil de La Rioja, Tomo 793, Folio 95, Inscripci\u00f3n 1, con Hoja LO-16467.<\/p>\n<p>Aux effets de ce document, le t\u00e9l\u00e9phone de contact est le 941.235.586 et le courriel de contact est info@translo.es<\/p>\n<p>Cette Mention L\u00e9gal r\u00e9git l\u00b4utilisation de ce domaine.<\/p>\n<p>L\u00b4utilisation de ce site web suppose l\u00b4acceptation de la part de l\u00b4usager des conditions d\u00b4utilisation incluses dans cette Mention aussi bien que notre politique de \u00ab Protection de Donn\u00e9s et Privacit\u00e9 \u00bb et \u00ab Politique d\u00b4utilisation de Cookies \u00bb. Au cas o\u00f9 quelques services inclus et\/ou outils offerts \u00e0 travers ce \u00ab site \u00bb eurent besoin de l&rsquo;application de conditions particuli\u00e8res, celles-ci seront misses \u00e0 disposition de l\u00b4Usager.<\/p>\n<p>D\u00b4un autre c\u00f4t\u00e9, il est averti que, autant les contenus et les services de ce site web comme les conditions d\u00b4utilisation, peuvent \u00eatre modifi\u00e9s sans pr\u00e9avis.<\/p>\n<p>&nbsp;<\/p>\n<ol start=\"2\">\n<li><strong>CONDITIONS D\u00b4UTILIZATION<\/strong><\/li>\n<\/ol>\n<p>L\u00b4Usager se compromet \u00e0, les points o\u00f9 il est n\u00e9cessaire de s\u2019inscrire pour pouvoir y acc\u00e9der aux m\u00eames, faciliter des donn\u00e9es v\u00e9races, exacts et complets sur son identit\u00e9. En plus il se compromet \u00e0 maintenir actualis\u00e9s ses donn\u00e9es personnelles fournis au titulaire du domaine, donc, seule responsable des inexactitudes ou fausset\u00e9s r\u00e9alis\u00e9es<\/p>\n<p>Il est inform\u00e9 qu\u00b4en cas d\u00b4\u00eatre mineur il devra obtenir l\u00b4autorisation de ses parents, tuteurs ou responsables l\u00e9gales pour pouvoir acc\u00e9der aux services fournis. TRANS-LOGRO\u00d1O, S.A. ne se responsabilise pas au cas o\u00f9 les donn\u00e9es \u00e0 ce sujet soient inexactes ou fausses.<\/p>\n<p>Le \u201csite\u201d peut \u00eatre seulement utilis\u00e9 avec des propos l\u00e9gales, donc l\u00b4usager est oblig\u00e9 de faire une utilisation licite et honn\u00eate du site et conforme aux pr\u00e9sentes Conditions G\u00e9n\u00e9rales d\u00b4Utilisation, \u00e0 ne pas utiliser les services du \u00ab\u00a0site\u00a0\u00bb pour la r\u00e9alisation d\u00b4activit\u00e9s contraires \u00e0 la l\u00e9gislation espagnole, \u00e0 la moral et \u00e0 l\u00b4ordre publique, assument l\u00b4usager toutes les responsabilit\u00e9s des dommages et int\u00e9r\u00eats envers le titulaire du domaine ou tiers qui pourraient d\u00e9river des pratiques ill\u00e9gales ou non permise entre autres et\u00a0 \u00e0 titre explicatif et non limitatif\u00a0:<\/p>\n<ul>\n<li>R\u00e9aliser sans le consentement pr\u00e9alable du titulaire du domaine n\u00b4importe quelle manipulation ou alt\u00e9ration de ce site, n\u00b4assument le titulaire du domaine aucune responsabilit\u00e9 qui puisse se d\u00e9river de cette manipulation ou alt\u00e9ration par tiers personnes.<\/li>\n<li>R\u00e9aliser tout acte qui puisse nuire, inutiliser, surcharger ou d\u00e9t\u00e9riorer le site et les services et\/ou emp\u00eacher l\u00b4utilisation normale de la part des Usagers.<\/li>\n<li>Introduire et\/ou utiliser des programmes d\u00b4ordinateur, donn\u00e9es, archives d\u00e9fectueux, virus, code malicieux, \u00e9quipes informatiques ou de t\u00e9l\u00e9communications ou n\u00b4importe quelle autre, ind\u00e9pendamment de sa nature qui puisse infliger des dommages au domaine, dans n\u00b4importe quelle services, o dans tout active (fisiques ou logiques) des syst\u00e8mes d\u00b4information du titulaire du domaine.<\/li>\n<li>Violer les droits de tiers \u00e0 l\u00b4intimit\u00e9, la propre image, la protection des donn\u00e9es du secret dans les communications, \u00e0 la propri\u00e9t\u00e9 intellectuel et industriel.<\/li>\n<li>Occulter et falsifier l\u00b4origine de messages de courrier \u00e9lectronique.<\/li>\n<li>Utiliser des fausses identit\u00e9s, supplanter l\u00b4identit\u00e9 des autres dans l\u00b4utilisation du site ou dans l\u00b4utilisation de n\u00b4importe quelle autre des services.<\/li>\n<li>Reproduire, distribuer, modifier ou copier le contenu de ce site web, sauve autorisation du titulaire du domaine o \u00e7a soit l\u00e9galement autoris\u00e9.<\/li>\n<li>Transmettre \u00e0 tiers personnes non autoris\u00e9s les noms d\u00b4Usager et les mots clefs d\u00b4acc\u00e8s.<\/li>\n<\/ul>\n<p>TRANS-LOGRO\u00d1O, S.A. ne r\u00e9pond pas des (LINKS) qui m\u00e8nent \u00e0 d\u00b4autres sites web de tiers et son existence n\u00b4implique pas que TRANS-LOGRO\u00d1O S.A. approuve ou accepte ses contenues et services. Ces autres sites web ne sont pas contr\u00f4l\u00e9s par TRANS-LOGRO\u00d1O S.A. ni couverts par la pr\u00e9sente Politique de Privacit\u00e9. Si vous acc\u00e9der \u00e0 d\u00b4autres sites web utilisant les Links fournis, les op\u00e9rateurs de ces sites web pourront prendre votre information personnelle. Soyez s\u00fbre que vous \u00eates conforme avec les Politiques de Privacit\u00e9 de ces tiers sites web avant de faciliter n\u00b4importe laquelle information personnel.<\/p>\n<p>De mani\u00e8re g\u00e9n\u00e9rale, le titulaire du domaine, ne se fait pas responsable des dommages et pr\u00e9judices de toutes nature et genre qui pourraient d\u00e9river de l\u00b4utilisation du site web, ainsi comme des d\u00e9g\u00e2ts et pr\u00e9judices d\u00e9riv\u00e9s de l\u00b4infraction des droits de propri\u00e9t\u00e9 intellectuelle et industriel de la part des usagers et\/ou le manque de v\u00e9racit\u00e9, exactitude et actualit\u00e9 des contenus, ni ne pourrons \u00eatre r\u00e9clam\u00e9es des responsabilit\u00e9s pour l\u00b4interruption des services, fonctionnement inad\u00e9quat o impossibilit\u00e9 d\u00b4acc\u00e8s au service.<\/p>\n<p>Le titulaire du domaine ne sera pas responsable des dommages et pr\u00e9judices caus\u00e9s par la pr\u00e9sence de virus ou d\u00b4autres software nuisible qui puissent produire des alt\u00e9rations dans le syst\u00e8me informatique de l\u2019Usager.<\/p>\n<p>Le site Web, y compris \u00e0 titre indicatif mais non limitatif, sa programmation, design, logos, texte et\/ou graphiques, sont propri\u00e9t\u00e9 du prestataire ou dans son cas il dispose de licence ou autorisation explicite de la part des auteurs.<\/p>\n<p>Ind\u00e9pendamment de la finalit\u00e9 pour laquelle ils furent destin\u00e9s, la reproduction total ou partial, utilisation, exploitation, distribution ou commercialisation, \u00e0 besoin en tout cas de l\u00b4autorisation \u00e9crite pr\u00e9alable de la part du titulaire du domaine.<\/p>\n<p>L\u2019usager se compromet \u00e0 ne pas r\u00e9aliser aucun acte contre les droits de propri\u00e9t\u00e9s intellectuelle ou industrielle de l\u00b4auteur.<\/p>\n<p>Le prestataire autorise express\u00e9ment que tierce personne puissent rediriger directement les contenus du site web, en devant, en tout cas, rediriger au site web principal du prestataire.<\/p>\n<p>&nbsp;<\/p>\n<ol start=\"3\">\n<li><strong>UTILISATION DE COOKIES<\/strong><\/li>\n<\/ol>\n<p>TRANS-LOGRO\u00d1O, S.A. comme titulaire de ce web d\u00e9clare qu\u00b4elle utilise des proc\u00e9dures automatiques de ramassage d\u00b4information pour garder le registre des Usagers qui visitent son site web. Cliquez ici pour acc\u00e9der \u00e0 notre<a href=\"http:\/\/www.translo.es\/fr\/cookies\/\"> politique d\u00b4usage de cookies<\/a>.<\/p>\n<p>&nbsp;<\/p>\n<ol start=\"4\">\n<li><strong>PROTECTION DE DONN\u00c9ES<\/strong><\/li>\n<\/ol>\n<p>Vous pouvez consulter notre politique de protection de donn\u00e9e de caract\u00e8re personnel dans <a href=\"http:\/\/www.translo.es\/fr\/politique-de-confidentialite\/\">la section suivante<\/a>.<\/p>\n<p>&nbsp;<\/p>\n<ol start=\"5\">\n<li><strong>LEGISLATION APPLICABLE<\/strong><\/li>\n<\/ol>\n<p>Les pr\u00e9sentes Conditions seront g\u00e9r\u00e9es en tout cas selon la l\u00e9gislation espagnole.[\/vc_column_text][dfd_spacer screen_wide_spacer_size=\u00a0\u00bb100&Prime; screen_normal_resolution=\u00a0\u00bb1024&Prime; screen_tablet_resolution=\u00a0\u00bb800&Prime; screen_mobile_resolution=\u00a0\u00bb480&Prime; screen_tablet_spacer_size=\u00a0\u00bb60&Prime; screen_mobile_spacer_size=\u00a0\u00bb60&Prime;][\/vc_column][\/vc_row]<\/p>\n<\/div>","protected":false},"excerpt":{"rendered":"<p>[vc_row][vc_column offset=\u00a0\u00bbvc_hidden-md vc_hidden-sm vc_hidden-xs\u00a0\u00bb col_shadow=\u00a0\u00bbbox_shadow_enable:disable|shadow_horizontal:0|shadow_vertical:15|shadow_blur:50|shadow_spread:0|box_shadow_color:rgba(0%2C0%2C0%2C0.35)\u00a0\u00bb col_shadow_hover=\u00a0\u00bbbox_shadow_enable:disable|shadow_horizontal:0|shadow_vertical:15|shadow_blur:50|shadow_spread:0|box_shadow_color:rgba(0%2C0%2C0%2C0.35)\u00a0\u00bb][dfd_spacer screen_wide_spacer_size=\u00a0\u00bb100&Prime; screen_normal_resolution=\u00a0\u00bb1024&Prime; screen_tablet_resolution=\u00a0\u00bb800&Prime; screen_mobile_resolution=\u00a0\u00bb480&Prime;][\/vc_column][\/vc_row][vc_row dfd_row_config=\u00a0\u00bbfull_width_content\u00a0\u00bb el_class=\u00a0\u00bbencabezado\u00a0\u00bb bg_check=\u00a0\u00bbrow-background-dark\u00a0\u00bb css=\u00a0\u00bb.vc_custom_1617706415634{border-bottom-width: 1px !important;background-image: url(http:\/\/www.translo.es\/wp-content\/uploads\/2021\/04\/cabecera_responsabilidad.jpg?id=731) !important;background-position: center !important;background-repeat: no-repeat !important;background-size: cover !important;border-bottom-color: #ffffff !important;border-bottom-style: solid !important;}\u00a0\u00bb][vc_column][dfd_heading style=\u00a0\u00bbstyle_02&Prime; subtitle=\u00a0\u00bbTranslogro\u00f1o\u00a0\u00bb<\/p>\n","protected":false},"author":1,"featured_media":0,"parent":0,"menu_order":0,"comment_status":"closed","ping_status":"closed","template":"tmp-page.php","meta":{"footnotes":""},"class_list":["post-1230","page","type-page","status-publish","hentry"],"yoast_head":"<!-- This site is optimized with the Yoast SEO plugin v27.4 - https:\/\/yoast.com\/product\/yoast-seo-wordpress\/ -->\n<title>M\u00e9ntions l\u00e9gales - TRANSLOGRO\u00d1O<\/title>\n<meta name=\"robots\" content=\"index, follow, max-snippet:-1, max-image-preview:large, max-video-preview:-1\" \/>\n<link rel=\"canonical\" href=\"https:\/\/www.translo.es\/fr\/mentions-legales\/\" \/>\n<meta property=\"og:locale\" content=\"fr_FR\" \/>\n<meta property=\"og:type\" content=\"article\" \/>\n<meta property=\"og:title\" content=\"M\u00e9ntions l\u00e9gales - TRANSLOGRO\u00d1O\" \/>\n<meta property=\"og:description\" content=\"[vc_row][vc_column offset=\u00a0\u00bbvc_hidden-md vc_hidden-sm vc_hidden-xs\u00a0\u00bb col_shadow=\u00a0\u00bbbox_shadow_enable:disable|shadow_horizontal:0|shadow_vertical:15|shadow_blur:50|shadow_spread:0|box_shadow_color:rgba(0%2C0%2C0%2C0.35)\u00a0\u00bb col_shadow_hover=\u00a0\u00bbbox_shadow_enable:disable|shadow_horizontal:0|shadow_vertical:15|shadow_blur:50|shadow_spread:0|box_shadow_color:rgba(0%2C0%2C0%2C0.35)\u00a0\u00bb][dfd_spacer screen_wide_spacer_size=\u00a0\u00bb100&Prime; screen_normal_resolution=\u00a0\u00bb1024&Prime; screen_tablet_resolution=\u00a0\u00bb800&Prime; screen_mobile_resolution=\u00a0\u00bb480&Prime;][\/vc_column][\/vc_row][vc_row dfd_row_config=\u00a0\u00bbfull_width_content\u00a0\u00bb el_class=\u00a0\u00bbencabezado\u00a0\u00bb bg_check=\u00a0\u00bbrow-background-dark\u00a0\u00bb css=\u00a0\u00bb.vc_custom_1617706415634{border-bottom-width: 1px !important;background-image: url(http:\/\/www.translo.es\/wp-content\/uploads\/2021\/04\/cabecera_responsabilidad.jpg?id=731) !important;background-position: center !important;background-repeat: no-repeat !important;background-size: cover !important;border-bottom-color: #ffffff !important;border-bottom-style: solid !important;}\u00a0\u00bb][vc_column][dfd_heading style=\u00a0\u00bbstyle_02&Prime; subtitle=\u00a0\u00bbTranslogro\u00f1o\u00a0\u00bb\" \/>\n<meta property=\"og:url\" content=\"https:\/\/www.translo.es\/fr\/mentions-legales\/\" \/>\n<meta property=\"og:site_name\" content=\"TRANSLOGRO\u00d1O\" \/>\n<meta property=\"article:modified_time\" content=\"2021-05-11T16:52:26+00:00\" \/>\n<meta name=\"twitter:card\" content=\"summary_large_image\" \/>\n<meta name=\"twitter:label1\" content=\"Dur\u00e9e de lecture estim\u00e9e\" \/>\n\t<meta name=\"twitter:data1\" content=\"5 minutes\" \/>\n<script type=\"application\/ld+json\" class=\"yoast-schema-graph\">{\"@context\":\"https:\\\/\\\/schema.org\",\"@graph\":[{\"@type\":\"WebPage\",\"@id\":\"https:\\\/\\\/www.translo.es\\\/fr\\\/mentions-legales\\\/\",\"url\":\"https:\\\/\\\/www.translo.es\\\/fr\\\/mentions-legales\\\/\",\"name\":\"M\u00e9ntions l\u00e9gales - TRANSLOGRO\u00d1O\",\"isPartOf\":{\"@id\":\"https:\\\/\\\/www.translo.es\\\/#website\"},\"datePublished\":\"2020-04-01T17:17:03+00:00\",\"dateModified\":\"2021-05-11T16:52:26+00:00\",\"breadcrumb\":{\"@id\":\"https:\\\/\\\/www.translo.es\\\/fr\\\/mentions-legales\\\/#breadcrumb\"},\"inLanguage\":\"fr-FR\",\"potentialAction\":[{\"@type\":\"ReadAction\",\"target\":[\"https:\\\/\\\/www.translo.es\\\/fr\\\/mentions-legales\\\/\"]}]},{\"@type\":\"BreadcrumbList\",\"@id\":\"https:\\\/\\\/www.translo.es\\\/fr\\\/mentions-legales\\\/#breadcrumb\",\"itemListElement\":[{\"@type\":\"ListItem\",\"position\":1,\"name\":\"Portada\",\"item\":\"https:\\\/\\\/www.translo.es\\\/fr\\\/\"},{\"@type\":\"ListItem\",\"position\":2,\"name\":\"M\u00e9ntions l\u00e9gales\"}]},{\"@type\":\"WebSite\",\"@id\":\"https:\\\/\\\/www.translo.es\\\/#website\",\"url\":\"https:\\\/\\\/www.translo.es\\\/\",\"name\":\"TRANSLOGRO\u00d1O\",\"description\":\"Trans Logro\u00f1o es una empresa log\u00edstica que ofrece soluciones de transporte de \u00e1mbito nacional e internacional.\",\"potentialAction\":[{\"@type\":\"SearchAction\",\"target\":{\"@type\":\"EntryPoint\",\"urlTemplate\":\"https:\\\/\\\/www.translo.es\\\/?s={search_term_string}\"},\"query-input\":{\"@type\":\"PropertyValueSpecification\",\"valueRequired\":true,\"valueName\":\"search_term_string\"}}],\"inLanguage\":\"fr-FR\"}]}<\/script>\n<!-- \/ Yoast SEO plugin. -->","yoast_head_json":{"title":"M\u00e9ntions l\u00e9gales - TRANSLOGRO\u00d1O","robots":{"index":"index","follow":"follow","max-snippet":"max-snippet:-1","max-image-preview":"max-image-preview:large","max-video-preview":"max-video-preview:-1"},"canonical":"https:\/\/www.translo.es\/fr\/mentions-legales\/","og_locale":"fr_FR","og_type":"article","og_title":"M\u00e9ntions l\u00e9gales - TRANSLOGRO\u00d1O","og_description":"[vc_row][vc_column offset=\u00a0\u00bbvc_hidden-md vc_hidden-sm vc_hidden-xs\u00a0\u00bb col_shadow=\u00a0\u00bbbox_shadow_enable:disable|shadow_horizontal:0|shadow_vertical:15|shadow_blur:50|shadow_spread:0|box_shadow_color:rgba(0%2C0%2C0%2C0.35)\u00a0\u00bb col_shadow_hover=\u00a0\u00bbbox_shadow_enable:disable|shadow_horizontal:0|shadow_vertical:15|shadow_blur:50|shadow_spread:0|box_shadow_color:rgba(0%2C0%2C0%2C0.35)\u00a0\u00bb][dfd_spacer screen_wide_spacer_size=\u00a0\u00bb100&Prime; screen_normal_resolution=\u00a0\u00bb1024&Prime; screen_tablet_resolution=\u00a0\u00bb800&Prime; screen_mobile_resolution=\u00a0\u00bb480&Prime;][\/vc_column][\/vc_row][vc_row dfd_row_config=\u00a0\u00bbfull_width_content\u00a0\u00bb el_class=\u00a0\u00bbencabezado\u00a0\u00bb bg_check=\u00a0\u00bbrow-background-dark\u00a0\u00bb css=\u00a0\u00bb.vc_custom_1617706415634{border-bottom-width: 1px !important;background-image: url(http:\/\/www.translo.es\/wp-content\/uploads\/2021\/04\/cabecera_responsabilidad.jpg?id=731) !important;background-position: center !important;background-repeat: no-repeat !important;background-size: cover !important;border-bottom-color: #ffffff !important;border-bottom-style: solid !important;}\u00a0\u00bb][vc_column][dfd_heading style=\u00a0\u00bbstyle_02&Prime; subtitle=\u00a0\u00bbTranslogro\u00f1o\u00a0\u00bb","og_url":"https:\/\/www.translo.es\/fr\/mentions-legales\/","og_site_name":"TRANSLOGRO\u00d1O","article_modified_time":"2021-05-11T16:52:26+00:00","twitter_card":"summary_large_image","twitter_misc":{"Dur\u00e9e de lecture estim\u00e9e":"5 minutes"},"schema":{"@context":"https:\/\/schema.org","@graph":[{"@type":"WebPage","@id":"https:\/\/www.translo.es\/fr\/mentions-legales\/","url":"https:\/\/www.translo.es\/fr\/mentions-legales\/","name":"M\u00e9ntions l\u00e9gales - TRANSLOGRO\u00d1O","isPartOf":{"@id":"https:\/\/www.translo.es\/#website"},"datePublished":"2020-04-01T17:17:03+00:00","dateModified":"2021-05-11T16:52:26+00:00","breadcrumb":{"@id":"https:\/\/www.translo.es\/fr\/mentions-legales\/#breadcrumb"},"inLanguage":"fr-FR","potentialAction":[{"@type":"ReadAction","target":["https:\/\/www.translo.es\/fr\/mentions-legales\/"]}]},{"@type":"BreadcrumbList","@id":"https:\/\/www.translo.es\/fr\/mentions-legales\/#breadcrumb","itemListElement":[{"@type":"ListItem","position":1,"name":"Portada","item":"https:\/\/www.translo.es\/fr\/"},{"@type":"ListItem","position":2,"name":"M\u00e9ntions l\u00e9gales"}]},{"@type":"WebSite","@id":"https:\/\/www.translo.es\/#website","url":"https:\/\/www.translo.es\/","name":"TRANSLOGRO\u00d1O","description":"Trans Logro\u00f1o es una empresa log\u00edstica que ofrece soluciones de transporte de \u00e1mbito nacional e internacional.","potentialAction":[{"@type":"SearchAction","target":{"@type":"EntryPoint","urlTemplate":"https:\/\/www.translo.es\/?s={search_term_string}"},"query-input":{"@type":"PropertyValueSpecification","valueRequired":true,"valueName":"search_term_string"}}],"inLanguage":"fr-FR"}]}},"post_mailing_queue_ids":[],"_links":{"self":[{"href":"https:\/\/www.translo.es\/fr\/wp-json\/wp\/v2\/pages\/1230","targetHints":{"allow":["GET"]}}],"collection":[{"href":"https:\/\/www.translo.es\/fr\/wp-json\/wp\/v2\/pages"}],"about":[{"href":"https:\/\/www.translo.es\/fr\/wp-json\/wp\/v2\/types\/page"}],"author":[{"embeddable":true,"href":"https:\/\/www.translo.es\/fr\/wp-json\/wp\/v2\/users\/1"}],"replies":[{"embeddable":true,"href":"https:\/\/www.translo.es\/fr\/wp-json\/wp\/v2\/comments?post=1230"}],"version-history":[{"count":12,"href":"https:\/\/www.translo.es\/fr\/wp-json\/wp\/v2\/pages\/1230\/revisions"}],"predecessor-version":[{"id":1720,"href":"https:\/\/www.translo.es\/fr\/wp-json\/wp\/v2\/pages\/1230\/revisions\/1720"}],"wp:attachment":[{"href":"https:\/\/www.translo.es\/fr\/wp-json\/wp\/v2\/media?parent=1230"}],"curies":[{"name":"wp","href":"https:\/\/api.w.org\/{rel}","templated":true}]}}