{"id":1277,"date":"2020-04-02T08:48:24","date_gmt":"2020-04-02T08:48:24","guid":{"rendered":"http:\/\/www.translo.es\/datos-agencia-transportes-trans-logrono-rioja\/"},"modified":"2021-05-25T08:48:07","modified_gmt":"2021-05-25T08:48:07","slug":"transport-agency-information-trans-logrono-rioja","status":"publish","type":"page","link":"https:\/\/www.translo.es\/en\/transport-agency-information-trans-logrono-rioja\/","title":{"rendered":"Contact"},"content":{"rendered":"<div class=\"wpb-content-wrapper\"><p>[vc_row dfd_row_config=&#8221;full_width_content&#8221; force_equal_height_columns=&#8221;main_row&#8221; dfd_row_responsive_enable=&#8221;dfd-row-responsive-enable&#8221; row_content_width=&#8221;grid&#8221; responsive_styles=&#8221;padding_left_tablet:20|padding_right_tablet:20|padding_left_mobile:20|padding_right_mobile:20&#8243;][vc_column width=&#8221;1\/2&#8243; dfd_column_responsive_enable=&#8221;dfd-column-responsive-enable&#8221; el_class=&#8221;mediacolboxedleft&#8221; col_shadow=&#8221;box_shadow_enable:disable|shadow_horizontal:0|shadow_vertical:15|shadow_blur:50|shadow_spread:0|box_shadow_color:rgba(0%2C0%2C0%2C0.35)&#8221; col_shadow_hover=&#8221;box_shadow_enable:disable|shadow_horizontal:0|shadow_vertical:15|shadow_blur:50|shadow_spread:0|box_shadow_color:rgba(0%2C0%2C0%2C0.35)&#8221; css=&#8221;.vc_custom_1617893871788{padding-right: 80px !important;}&#8221; responsive_styles=&#8221;padding_left_tablet:0|padding_right_tablet:0|padding_left_mobile:0|padding_right_mobile:0&#8243;][dfd_spacer screen_wide_spacer_size=&#8221;60&#8243; screen_normal_resolution=&#8221;1024&#8243; screen_tablet_resolution=&#8221;800&#8243; screen_mobile_resolution=&#8221;480&#8243;][dfd_heading subtitle=&#8221;&#8221; content_alignment=&#8221;text-left&#8221; module_animation=&#8221;transition.slideDownBigIn&#8221; enable_delimiter=&#8221;&#8221; undefined=&#8221;&#8221; title_font_options=&#8221;tag:h2&#8243; subtitle_font_options=&#8221;tag:h6&#8243; subtitle_google_fonts=&#8221;yes&#8221; subtitle_custom_fonts=&#8221;font_family:Montserrat%3Aregular%2C700&#8243;]<span class=\"rojo\">TRANS<\/span>LOGRO\u00d1O[\/dfd_heading][dfd_spacer screen_wide_spacer_size=&#8221;30&#8243; screen_normal_resolution=&#8221;1024&#8243; screen_tablet_resolution=&#8221;800&#8243; screen_mobile_resolution=&#8221;480&#8243;][vc_column_text item_animation=&#8221;transition.fadeIn&#8221;]<\/p>\n<p style=\"text-align: justify;\">You can contact us by telephone, fax, email, or using our contact form. It will be a pleasure to hear from you.<\/p>\n<p>[\/vc_column_text][dfd_spacer screen_wide_spacer_size=&#8221;30&#8243; screen_normal_resolution=&#8221;1024&#8243; screen_tablet_resolution=&#8221;800&#8243; screen_mobile_resolution=&#8221;480&#8243;][dfd_icon_list module_animation=&#8221;transition.fadeIn&#8221; list_fields=&#8221;%5B%7B%22icon_type%22%3A%22selector%22%2C%22select_icon%22%3A%22dfd_icons%22%2C%22ic_dfd_icons%22%3A%22dfd-socicon-telephone-handle-silhouette%22%2C%22text_content%22%3A%22%3Cstrong%3ETelephone%3C%2Fstrong%3E%3A%20(%2B34)%20941.235.586.%22%7D%2C%7B%22icon_type%22%3A%22selector%22%2C%22select_icon%22%3A%22dfd_icons%22%2C%22ic_dfd_icons%22%3A%22dfd-socicon-printing-tool%22%2C%22text_content%22%3A%22%3Cstrong%3EFAX%3C%2Fstrong%3E%3A%20(%2B34)%20941.259.286%20%22%7D%2C%7B%22icon_type%22%3A%22selector%22%2C%22select_icon%22%3A%22dfd_icons%22%2C%22ic_dfd_icons%22%3A%22dfd-socicon-paper-push-pin%22%2C%22text_content%22%3A%22%3Cstrong%3EAddress%3C%2Fstrong%3E%3A%20Ser%C3%B3n%2033-37%2C%20Pol%C3%ADgono%20La%20Portalada.%2026006%20Logro%C3%B1o%20(La%20Rioja).%22%7D%2C%7B%22icon_type%22%3A%22selector%22%2C%22select_icon%22%3A%22dfd_icons%22%2C%22ic_dfd_icons%22%3A%22dfd-socicon-envelope-of-white-paper%22%2C%22text_content%22%3A%22%3Cstrong%3EEmail%3C%2Fstrong%3E%3A%20%3Ca%20href%3D%5C%22mailto%3Ainfo%40translo.es%5C%22%3Einfo%40translo.es.%3C%2Fa%3E%22%7D%5D&#8221; del_height=&#8221;1&#8243; main_style=&#8221;style-2&#8243; font_options=&#8221;tag:div|font_size:14&#8243; icon_color=&#8221;#c8102e&#8221; icon_size=&#8221;22&#8243; tutorials=&#8221;&#8221;][dfd_spacer screen_wide_spacer_size=&#8221;60&#8243; screen_normal_resolution=&#8221;1024&#8243; screen_tablet_resolution=&#8221;800&#8243; screen_mobile_resolution=&#8221;480&#8243;][\/vc_column][vc_column width=&#8221;1\/2&#8243; css=&#8221;.vc_custom_1617878557476{background-color: #ebe9e5 !important;}&#8221; col_shadow=&#8221;box_shadow_enable:disable|shadow_horizontal:0|shadow_vertical:15|shadow_blur:50|shadow_spread:0|box_shadow_color:rgba(0%2C0%2C0%2C0.35)&#8221; col_shadow_hover=&#8221;box_shadow_enable:disable|shadow_horizontal:0|shadow_vertical:15|shadow_blur:50|shadow_spread:0|box_shadow_color:rgba(0%2C0%2C0%2C0.35)&#8221;][vc_column_text item_animation=&#8221;transition.fadeIn&#8221;]<iframe loading=\"lazy\" style=\"border: 0;\" tabindex=\"0\" src=\"https:\/\/www.google.com\/maps\/embed?pb=!1m18!1m12!1m3!1d23546.93580554763!2d-2.447818455671274!3d42.462483167516844!2m3!1f0!2f0!3f0!3m2!1i1024!2i768!4f13.1!3m3!1m2!1s0xd5aab91c2408541%3A0x61eeccf3ae835293!2sTrans%20Logro%C3%B1o%20S.A.!5e0!3m2!1ses!2ses!4v1617809249573!5m2!1ses!2ses\" width=\"100%\" height=\"486\" frameborder=\"0\" allowfullscreen=\"allowfullscreen\" aria-hidden=\"false\"><\/iframe>[\/vc_column_text][\/vc_column][\/vc_row][vc_row dfd_row_config=\"full_width_content\" anchor=\"dinos\" css=\".vc_custom_1617029311562{background-image: url(http:\/\/www.translo.es\/wp-content\/uploads\/2021\/03\/fondo-contacto.jpg?id=286) !important;background-position: center !important;background-repeat: no-repeat !important;background-size: cover !important;}\"][vc_column col_shadow=\"box_shadow_enable:disable|shadow_horizontal:0|shadow_vertical:15|shadow_blur:50|shadow_spread:0|box_shadow_color:rgba(0%2C0%2C0%2C0.35)\" col_shadow_hover=\"box_shadow_enable:disable|shadow_horizontal:0|shadow_vertical:15|shadow_blur:50|shadow_spread:0|box_shadow_color:rgba(0%2C0%2C0%2C0.35)\" offset=\"vc_hidden-sm vc_hidden-xs\"][dfd_spacer screen_wide_spacer_size=\"900\" screen_normal_resolution=\"1024\" screen_tablet_resolution=\"800\" screen_mobile_resolution=\"480\" screen_normal_spacer_size=\"900\" screen_tablet_spacer_size=\"900\" screen_mobile_spacer_size=\"900\"][\/vc_column][\/vc_row][vc_row force_equal_height_columns=\"main_row\"][vc_column][vc_row_inner dfd_row_responsive_enable=\"dfd-row-responsive-enable\" el_class=\"sombra\" css=\".vc_custom_1618311138055{margin-top: -750px !important;}\" responsive_styles=\"margin_top_tablet:0|margin_top_mobile:0\"][vc_column_inner width=\"1\/2\" css=\".vc_custom_1618400938710{padding-right: 0px !important;padding-left: 0px !important;background-position: center !important;background-repeat: no-repeat !important;background-size: cover !important;}\" col_inner_shadow=\"box_shadow_enable:disable|shadow_horizontal:0|shadow_vertical:15|shadow_blur:50|shadow_spread:0|box_shadow_color:rgba(0%2C0%2C0%2C0.35)\" col_inner_shadow_hover=\"box_shadow_enable:disable|shadow_horizontal:0|shadow_vertical:15|shadow_blur:50|shadow_spread:0|box_shadow_color:rgba(0%2C0%2C0%2C0.35)\"][dfd_single_image image=\"956\"][\/vc_column_inner][vc_column_inner width=\"1\/2\" css=\".vc_custom_1617713974990{padding-top: 25px !important;padding-right: 25px !important;padding-left: 25px !important;background-color: #ffffff !important;}\" col_inner_shadow=\"box_shadow_enable:disable|shadow_horizontal:0|shadow_vertical:15|shadow_blur:50|shadow_spread:0|box_shadow_color:rgba(0%2C0%2C0%2C0.35)\" col_inner_shadow_hover=\"box_shadow_enable:disable|shadow_horizontal:0|shadow_vertical:15|shadow_blur:50|shadow_spread:0|box_shadow_color:rgba(0%2C0%2C0%2C0.35)\"][dfd_spacer screen_wide_spacer_size=\"0\" screen_normal_resolution=\"1024\" screen_tablet_resolution=\"800\" screen_mobile_resolution=\"480\" screen_mobile_spacer_size=\"30\"][dfd_heading subtitle=\"\" content_alignment=\"text-left\" enable_delimiter=\"\" undefined=\"\" title_font_options=\"tag:h2\" subtitle_font_options=\"tag:div\" el_class=\"dinos-necesitas\" tutorials=\"\"]<span class=\"rojo\">Tell us<\/span> what you need[\/dfd_heading][dfd_spacer screen_wide_spacer_size=\"0\" screen_normal_resolution=\"1024\" screen_tablet_resolution=\"800\" screen_mobile_resolution=\"480\" screen_mobile_spacer_size=\"30\"]\n<div class=\"wpcf7 no-js\" id=\"wpcf7-f8-o1\" lang=\"es-ES\" dir=\"ltr\" data-wpcf7-id=\"8\">\n<div class=\"screen-reader-response\"><p role=\"status\" aria-live=\"polite\" aria-atomic=\"true\"><\/p> <ul><\/ul><\/div>\n<form action=\"\/en\/wp-json\/wp\/v2\/pages\/1277#wpcf7-f8-o1\" method=\"post\" class=\"wpcf7-form init\" aria-label=\"Formulario de contacto\" novalidate=\"novalidate\" data-status=\"init\">\n<fieldset class=\"hidden-fields-container\"><input type=\"hidden\" name=\"_wpcf7\" value=\"8\" \/><input type=\"hidden\" name=\"_wpcf7_version\" value=\"6.1.5\" \/><input type=\"hidden\" name=\"_wpcf7_locale\" value=\"es_ES\" \/><input type=\"hidden\" name=\"_wpcf7_unit_tag\" value=\"wpcf7-f8-o1\" \/><input type=\"hidden\" name=\"_wpcf7_container_post\" value=\"0\" \/><input type=\"hidden\" name=\"_wpcf7_posted_data_hash\" value=\"\" \/><input type=\"hidden\" name=\"_wpcf7_recaptcha_response\" value=\"\" \/>\n<\/fieldset>\n<div id=\"responsive-form-contacto\" class=\"clearfix\">\n\t<div class=\"form-row-contacto\">\n\t\t<div class=\"column-half\">\n\t\t\t<p><span class=\"wpcf7-form-control-wrap\" data-name=\"nombre\"><input size=\"40\" maxlength=\"400\" class=\"wpcf7-form-control wpcf7-text wpcf7-validates-as-required textocontacto\" id=\"nombre\" aria-required=\"true\" aria-invalid=\"false\" placeholder=\"Name*\" value=\"\" type=\"text\" name=\"nombre\" \/><\/span>\n\t\t\t<\/p>\n\t\t<\/div>\n\t\t<div class=\"column-half\">\n\t\t\t<p><span class=\"wpcf7-form-control-wrap\" data-name=\"empresa\"><input size=\"40\" maxlength=\"400\" class=\"wpcf7-form-control wpcf7-text wpcf7-validates-as-required textocontacto\" id=\"empresa\" aria-required=\"true\" aria-invalid=\"false\" placeholder=\"Company*\" value=\"\" type=\"text\" name=\"empresa\" \/><\/span>\n\t\t\t<\/p>\n\t\t<\/div>\n\t<\/div>\n\t<div class=\"form-row-contacto\">\n\t\t<div class=\"column-half\">\n\t\t\t<p><span class=\"wpcf7-form-control-wrap\" data-name=\"telefono\"><input size=\"40\" maxlength=\"400\" class=\"wpcf7-form-control wpcf7-text wpcf7-validates-as-required textocontacto\" id=\"telefono\" aria-required=\"true\" aria-invalid=\"false\" placeholder=\"Telephone*\" value=\"\" type=\"text\" name=\"telefono\" \/><\/span>\n\t\t\t<\/p>\n\t\t<\/div>\n\t\t<div class=\"column-half\">\n\t\t\t<p><span class=\"wpcf7-form-control-wrap\" data-name=\"email\"><input size=\"40\" maxlength=\"400\" class=\"wpcf7-form-control wpcf7-email wpcf7-validates-as-required wpcf7-text wpcf7-validates-as-email textocontacto\" id=\"email\" aria-required=\"true\" aria-invalid=\"false\" placeholder=\"Email*\" value=\"\" type=\"email\" name=\"email\" \/><\/span>\n\t\t\t<\/p>\n\t\t<\/div>\n\t<\/div>\n\t<div class=\"form-row-contacto\">\n\t\t<div class=\"column-full\">\n\t\t\t<p><textarea placeholder=\"Message*\" name=\"mensaje\" rows=\"1\"  class=\"wpcf7-form-control wpcf7-textarea\" aria-invalid=\"false\"><\/textarea>\n\t\t\t<\/p>\n\t\t<\/div>\n\t<\/div>\n\t<div class=\"form-row-contacto\">\n\t\t<div class=\"column-half-recaptcha\">\n\t\t\t<p><span class=\"acepterms\" style=\"top: 4px; position: relative; color: #000!Important;\" ><span class=\"wpcf7-form-control-wrap\" data-name=\"check-acepto\"><span class=\"wpcf7-form-control wpcf7-checkbox wpcf7-validates-as-required\"><span class=\"wpcf7-list-item first last\"><input type=\"checkbox\" name=\"check-acepto[]\" value=\"\" \/><span class=\"wpcf7-list-item-label\"><\/span><\/span><\/span><\/span><span style=\"font-size:15px;color: #000!Important; top: 6px; left: 5px;position: relative;\">I accept the <a href=\"http:\/\/www.translo.es\/en\/privacy-policy\/\" class=\"enlace\" target=\"_blank\" style=\"font-weight:400;\" >privacy policy<\/a><\/span><br \/>\n<\/span>\n\t\t\t<\/p>\n\t\t<\/div>\n\t<\/div>\n\t<div class=\"column-half-textolegal\">\n\t\t<p><span style=\"text-align:right !important;\">* All fields are mandatory.<\/span><br \/>\nYour personal data are processed by TRANS-LOGRO\u00d1O, S.A. : Pol\u00edgono Industrial La Portalada, calle Ser\u00f3n N\u00ba33 26006 Logro\u00f1o (La Rioja), and CIF A-26053413, with your consent or upon other legal grounds. The purpose of the processing is to handle your contact request. Your data will not be transferred without due justification, and will be kept as long as there is a legal basis for their maintenance. You can exercise your rights under the terms indicated in our <a href=\"http:\/\/www.translo.es\/en\/privacy-policy\/\"  target=\"_blank\" style=\"font-weight:400;\" class=\"enlace\"> privacy policy<\/a>\n\t\t<\/p>\n\t<\/div>\n<\/div>\n<p><span id=\"wpcf7-69eb697670bca-wrapper\" class=\"wpcf7-form-control-wrap honeypot-848-wrap\" style=\"display:none !important; visibility:hidden !important;\"><label for=\"wpcf7-69eb697670bca-field\" class=\"hp-message\">Por favor, deja este campo vac\u00edo.<\/label><input id=\"wpcf7-69eb697670bca-field\"  class=\"wpcf7-form-control wpcf7-text\" type=\"text\" name=\"honeypot-848\" value=\"\" size=\"40\" tabindex=\"-1\" autocomplete=\"new-password\" \/><\/span>\n<\/p>\n<div class=\"form-row-contacto\">\n\t<div class=\"column-half\">\n\t\t<div class=\"captcha-formulario\">\n\t\t<span class=\"wpcf7-form-control-wrap recaptcha\" data-name=\"recaptcha\"><span data-sitekey=\"6Lc2-5QaAAAAALaoQLepZj0YyYAqsKweoHHevwD0\" class=\"wpcf7-form-control wpcf7-recaptcha g-recaptcha\"><\/span>\r\n<noscript>\r\n\t<div class=\"grecaptcha-noscript\">\r\n\t\t<iframe loading=\"lazy\" src=\"https:\/\/www.google.com\/recaptcha\/api\/fallback?k=6Lc2-5QaAAAAALaoQLepZj0YyYAqsKweoHHevwD0\" frameborder=\"0\" scrolling=\"no\" width=\"310\" height=\"430\">\r\n\t\t<\/iframe>\r\n\t\t<textarea name=\"g-recaptcha-response\" rows=\"3\" cols=\"40\" placeholder=\"Aqu\u00ed la respuesta de reCAPTCHA\">\r\n\t\t<\/textarea>\r\n\t<\/div>\r\n<\/noscript>\r\n<\/span>\n\t\t<\/div>\n\t\t<div class=\"column-half\">\n\t\t\t<div class=\"cont-button\">\n\t\t\t\t<p><input class=\"wpcf7-form-control wpcf7-submit has-spinner\" type=\"submit\" value=\"Enviar\" \/>\n\t\t\t\t<\/p>\n\t\t\t<\/div>\n\t\t<\/div>\n\t<\/div>\n<\/div><p style=\"display: none !important;\" class=\"akismet-fields-container\" data-prefix=\"_wpcf7_ak_\"><label>&#916;<textarea name=\"_wpcf7_ak_hp_textarea\" cols=\"45\" rows=\"8\" maxlength=\"100\"><\/textarea><\/label><input type=\"hidden\" id=\"ak_js_1\" name=\"_wpcf7_ak_js\" value=\"147\"\/><script>document.getElementById( \"ak_js_1\" ).setAttribute( \"value\", ( new Date() ).getTime() );<\/script><\/p><div class=\"wpcf7-response-output\" aria-hidden=\"true\"><\/div>\n<\/form>\n<\/div>\n[\/vc_column_inner][\/vc_row_inner][\/vc_column][\/vc_row]<\/p>\n<\/div>","protected":false},"excerpt":{"rendered":"<p>[vc_row dfd_row_config=&#8221;full_width_content&#8221; force_equal_height_columns=&#8221;main_row&#8221; dfd_row_responsive_enable=&#8221;dfd-row-responsive-enable&#8221; row_content_width=&#8221;grid&#8221; responsive_styles=&#8221;padding_left_tablet:20|padding_right_tablet:20|padding_left_mobile:20|padding_right_mobile:20&#8243;][vc_column width=&#8221;1\/2&#8243; dfd_column_responsive_enable=&#8221;dfd-column-responsive-enable&#8221; el_class=&#8221;mediacolboxedleft&#8221; col_shadow=&#8221;box_shadow_enable:disable|shadow_horizontal:0|shadow_vertical:15|shadow_blur:50|shadow_spread:0|box_shadow_color:rgba(0%2C0%2C0%2C0.35)&#8221; col_shadow_hover=&#8221;box_shadow_enable:disable|shadow_horizontal:0|shadow_vertical:15|shadow_blur:50|shadow_spread:0|box_shadow_color:rgba(0%2C0%2C0%2C0.35)&#8221; css=&#8221;.vc_custom_1617893871788{padding-right: 80px !important;}&#8221; responsive_styles=&#8221;padding_left_tablet:0|padding_right_tablet:0|padding_left_mobile:0|padding_right_mobile:0&#8243;][dfd_spacer screen_wide_spacer_size=&#8221;60&#8243; screen_normal_resolution=&#8221;1024&#8243; screen_tablet_resolution=&#8221;800&#8243; screen_mobile_resolution=&#8221;480&#8243;][dfd_heading subtitle=&#8221;&#8221; content_alignment=&#8221;text-left&#8221; module_animation=&#8221;transition.slideDownBigIn&#8221; enable_delimiter=&#8221;&#8221; undefined=&#8221;&#8221; title_font_options=&#8221;tag:h2&#8243; subtitle_font_options=&#8221;tag:h6&#8243; subtitle_google_fonts=&#8221;yes&#8221; subtitle_custom_fonts=&#8221;font_family:Montserrat%3Aregular%2C700&#8243;]TRANSLOGRO\u00d1O[\/dfd_heading][dfd_spacer screen_wide_spacer_size=&#8221;30&#8243; screen_normal_resolution=&#8221;1024&#8243;<\/p>\n","protected":false},"author":1,"featured_media":0,"parent":0,"menu_order":0,"comment_status":"closed","ping_status":"closed","template":"tmp-page.php","meta":{"footnotes":""},"class_list":["post-1277","page","type-page","status-publish","hentry"],"yoast_head":"<!-- This site is optimized with the Yoast SEO plugin v27.4 - https:\/\/yoast.com\/product\/yoast-seo-wordpress\/ -->\n<title>CONTACT: Trans Logro\u00f1o \u00b7 Specialist Transport Agency<\/title>\n<meta name=\"description\" content=\"Contact us by telephone on 941 235 586 or by email to info@translo.es. We will be delighted to hear from you.\" \/>\n<meta name=\"robots\" content=\"index, follow, max-snippet:-1, max-image-preview:large, max-video-preview:-1\" \/>\n<link rel=\"canonical\" href=\"https:\/\/www.translo.es\/en\/transport-agency-information-trans-logrono-rioja\/\" \/>\n<meta property=\"og:locale\" content=\"en_US\" \/>\n<meta property=\"og:type\" content=\"article\" \/>\n<meta property=\"og:title\" content=\"CONTACT: Trans Logro\u00f1o \u00b7 Specialist Transport Agency\" \/>\n<meta property=\"og:description\" content=\"Contact us by telephone on 941 235 586 or by email to info@translo.es. We will be delighted to hear from you.\" \/>\n<meta property=\"og:url\" content=\"https:\/\/www.translo.es\/en\/transport-agency-information-trans-logrono-rioja\/\" \/>\n<meta property=\"og:site_name\" content=\"TRANSLOGRO\u00d1O\" \/>\n<meta property=\"article:modified_time\" content=\"2021-05-25T08:48:07+00:00\" \/>\n<meta name=\"twitter:card\" content=\"summary_large_image\" \/>\n<meta name=\"twitter:label1\" content=\"Est. reading time\" \/>\n\t<meta name=\"twitter:data1\" content=\"1 minute\" \/>\n<script type=\"application\/ld+json\" class=\"yoast-schema-graph\">{\"@context\":\"https:\\\/\\\/schema.org\",\"@graph\":[{\"@type\":\"WebPage\",\"@id\":\"https:\\\/\\\/www.translo.es\\\/en\\\/transport-agency-information-trans-logrono-rioja\\\/\",\"url\":\"https:\\\/\\\/www.translo.es\\\/en\\\/transport-agency-information-trans-logrono-rioja\\\/\",\"name\":\"CONTACT: Trans Logro\u00f1o \u00b7 Specialist Transport Agency\",\"isPartOf\":{\"@id\":\"https:\\\/\\\/www.translo.es\\\/#website\"},\"datePublished\":\"2020-04-02T08:48:24+00:00\",\"dateModified\":\"2021-05-25T08:48:07+00:00\",\"description\":\"Contact us by telephone on 941 235 586 or by email to info@translo.es. We will be delighted to hear from you.\",\"breadcrumb\":{\"@id\":\"https:\\\/\\\/www.translo.es\\\/en\\\/transport-agency-information-trans-logrono-rioja\\\/#breadcrumb\"},\"inLanguage\":\"en-US\",\"potentialAction\":[{\"@type\":\"ReadAction\",\"target\":[\"https:\\\/\\\/www.translo.es\\\/en\\\/transport-agency-information-trans-logrono-rioja\\\/\"]}]},{\"@type\":\"BreadcrumbList\",\"@id\":\"https:\\\/\\\/www.translo.es\\\/en\\\/transport-agency-information-trans-logrono-rioja\\\/#breadcrumb\",\"itemListElement\":[{\"@type\":\"ListItem\",\"position\":1,\"name\":\"Portada\",\"item\":\"https:\\\/\\\/www.translo.es\\\/en\\\/\"},{\"@type\":\"ListItem\",\"position\":2,\"name\":\"Contact\"}]},{\"@type\":\"WebSite\",\"@id\":\"https:\\\/\\\/www.translo.es\\\/#website\",\"url\":\"https:\\\/\\\/www.translo.es\\\/\",\"name\":\"TRANSLOGRO\u00d1O\",\"description\":\"Trans Logro\u00f1o es una empresa log\u00edstica que ofrece soluciones de transporte de \u00e1mbito nacional e internacional.\",\"potentialAction\":[{\"@type\":\"SearchAction\",\"target\":{\"@type\":\"EntryPoint\",\"urlTemplate\":\"https:\\\/\\\/www.translo.es\\\/?s={search_term_string}\"},\"query-input\":{\"@type\":\"PropertyValueSpecification\",\"valueRequired\":true,\"valueName\":\"search_term_string\"}}],\"inLanguage\":\"en-US\"}]}<\/script>\n<!-- \/ Yoast SEO plugin. -->","yoast_head_json":{"title":"CONTACT: Trans Logro\u00f1o \u00b7 Specialist Transport Agency","description":"Contact us by telephone on 941 235 586 or by email to info@translo.es. We will be delighted to hear from you.","robots":{"index":"index","follow":"follow","max-snippet":"max-snippet:-1","max-image-preview":"max-image-preview:large","max-video-preview":"max-video-preview:-1"},"canonical":"https:\/\/www.translo.es\/en\/transport-agency-information-trans-logrono-rioja\/","og_locale":"en_US","og_type":"article","og_title":"CONTACT: Trans Logro\u00f1o \u00b7 Specialist Transport Agency","og_description":"Contact us by telephone on 941 235 586 or by email to info@translo.es. We will be delighted to hear from you.","og_url":"https:\/\/www.translo.es\/en\/transport-agency-information-trans-logrono-rioja\/","og_site_name":"TRANSLOGRO\u00d1O","article_modified_time":"2021-05-25T08:48:07+00:00","twitter_card":"summary_large_image","twitter_misc":{"Est. reading time":"1 minute"},"schema":{"@context":"https:\/\/schema.org","@graph":[{"@type":"WebPage","@id":"https:\/\/www.translo.es\/en\/transport-agency-information-trans-logrono-rioja\/","url":"https:\/\/www.translo.es\/en\/transport-agency-information-trans-logrono-rioja\/","name":"CONTACT: Trans Logro\u00f1o \u00b7 Specialist Transport Agency","isPartOf":{"@id":"https:\/\/www.translo.es\/#website"},"datePublished":"2020-04-02T08:48:24+00:00","dateModified":"2021-05-25T08:48:07+00:00","description":"Contact us by telephone on 941 235 586 or by email to info@translo.es. We will be delighted to hear from you.","breadcrumb":{"@id":"https:\/\/www.translo.es\/en\/transport-agency-information-trans-logrono-rioja\/#breadcrumb"},"inLanguage":"en-US","potentialAction":[{"@type":"ReadAction","target":["https:\/\/www.translo.es\/en\/transport-agency-information-trans-logrono-rioja\/"]}]},{"@type":"BreadcrumbList","@id":"https:\/\/www.translo.es\/en\/transport-agency-information-trans-logrono-rioja\/#breadcrumb","itemListElement":[{"@type":"ListItem","position":1,"name":"Portada","item":"https:\/\/www.translo.es\/en\/"},{"@type":"ListItem","position":2,"name":"Contact"}]},{"@type":"WebSite","@id":"https:\/\/www.translo.es\/#website","url":"https:\/\/www.translo.es\/","name":"TRANSLOGRO\u00d1O","description":"Trans Logro\u00f1o es una empresa log\u00edstica que ofrece soluciones de transporte de \u00e1mbito nacional e internacional.","potentialAction":[{"@type":"SearchAction","target":{"@type":"EntryPoint","urlTemplate":"https:\/\/www.translo.es\/?s={search_term_string}"},"query-input":{"@type":"PropertyValueSpecification","valueRequired":true,"valueName":"search_term_string"}}],"inLanguage":"en-US"}]}},"post_mailing_queue_ids":[],"_links":{"self":[{"href":"https:\/\/www.translo.es\/en\/wp-json\/wp\/v2\/pages\/1277","targetHints":{"allow":["GET"]}}],"collection":[{"href":"https:\/\/www.translo.es\/en\/wp-json\/wp\/v2\/pages"}],"about":[{"href":"https:\/\/www.translo.es\/en\/wp-json\/wp\/v2\/types\/page"}],"author":[{"embeddable":true,"href":"https:\/\/www.translo.es\/en\/wp-json\/wp\/v2\/users\/1"}],"replies":[{"embeddable":true,"href":"https:\/\/www.translo.es\/en\/wp-json\/wp\/v2\/comments?post=1277"}],"version-history":[{"count":8,"href":"https:\/\/www.translo.es\/en\/wp-json\/wp\/v2\/pages\/1277\/revisions"}],"predecessor-version":[{"id":1815,"href":"https:\/\/www.translo.es\/en\/wp-json\/wp\/v2\/pages\/1277\/revisions\/1815"}],"wp:attachment":[{"href":"https:\/\/www.translo.es\/en\/wp-json\/wp\/v2\/media?parent=1277"}],"curies":[{"name":"wp","href":"https:\/\/api.w.org\/{rel}","templated":true}]}}