{"id":1254,"date":"2020-04-14T15:08:13","date_gmt":"2020-04-14T15:08:13","guid":{"rendered":"http:\/\/www.translo.es\/proyectos\/"},"modified":"2021-04-27T15:15:19","modified_gmt":"2021-04-27T15:15:19","slug":"proyectos","status":"publish","type":"page","link":"https:\/\/www.translo.es\/en\/proyectos\/","title":{"rendered":"Proyectos"},"content":{"rendered":"<div class=\"wpb-content-wrapper\"><p>[vc_row row_content_width=&#8221;grid&#8221; css=&#8221;.vc_custom_1585214815929{padding-top: 35px !important;padding-bottom: 65px !important;}&#8221;][vc_column][vc_column_text][\/vc_column_text][\/vc_column][\/vc_row][vc_row css=&#8221;.vc_custom_1511528596578{padding-top: 75px !important;padding-bottom: 65px !important;}&#8221;][vc_column][dfd_portfolio_metro_module items=&#8221;single&#8221; columns=&#8221;3&#8243; selected_items=&#8221;%5B%7B%22post_id%22%3A%2255%22%2C%22post_size%22%3A%22wide%22%7D%5D&#8221; tutorials=&#8221;&#8221;][\/vc_column][\/vc_row][vc_row row_content_width=&#8221;grid&#8221; css=&#8221;.vc_custom_1511525217599{padding-bottom: 120px !important;}&#8221;][vc_column][vc_column_text][\/vc_column_text][\/vc_column][\/vc_row]<\/p>\n<\/div>","protected":false},"excerpt":{"rendered":"<p>[vc_row row_content_width=&#8221;grid&#8221; css=&#8221;.vc_custom_1585214815929{padding-top: 35px !important;padding-bottom: 65px !important;}&#8221;][vc_column][vc_column_text][\/vc_column_text][\/vc_column][\/vc_row][vc_row css=&#8221;.vc_custom_1511528596578{padding-top: 75px !important;padding-bottom: 65px !important;}&#8221;][vc_column][dfd_portfolio_metro_module items=&#8221;single&#8221; columns=&#8221;3&#8243; selected_items=&#8221;%5B%7B%22post_id%22%3A%2255%22%2C%22post_size%22%3A%22wide%22%7D%5D&#8221; tutorials=&#8221;&#8221;][\/vc_column][\/vc_row][vc_row row_content_width=&#8221;grid&#8221; css=&#8221;.vc_custom_1511525217599{padding-bottom: 120px !important;}&#8221;][vc_column][vc_column_text][\/vc_column_text][\/vc_column][\/vc_row]<\/p>\n","protected":false},"author":1,"featured_media":0,"parent":0,"menu_order":0,"comment_status":"closed","ping_status":"closed","template":"","meta":{"footnotes":""},"class_list":["post-1254","page","type-page","status-publish","hentry"],"yoast_head":"<!-- This site is optimized with the Yoast SEO plugin v27.3 - https:\/\/yoast.com\/product\/yoast-seo-wordpress\/ -->\n<title>Proyectos - TRANSLOGRO\u00d1O<\/title>\n<meta name=\"robots\" content=\"index, follow, max-snippet:-1, max-image-preview:large, max-video-preview:-1\" \/>\n<link rel=\"canonical\" href=\"https:\/\/www.translo.es\/en\/proyectos\/\" \/>\n<meta property=\"og:locale\" content=\"en_US\" \/>\n<meta property=\"og:type\" content=\"article\" \/>\n<meta property=\"og:title\" content=\"Proyectos - TRANSLOGRO\u00d1O\" \/>\n<meta property=\"og:description\" content=\"[vc_row row_content_width=&#8221;grid&#8221; css=&#8221;.vc_custom_1585214815929{padding-top: 35px !important;padding-bottom: 65px !important;}&#8221;][vc_column][vc_column_text][\/vc_column_text][\/vc_column][\/vc_row][vc_row css=&#8221;.vc_custom_1511528596578{padding-top: 75px !important;padding-bottom: 65px !important;}&#8221;][vc_column][dfd_portfolio_metro_module items=&#8221;single&#8221; columns=&#8221;3&#8243; selected_items=&#8221;%5B%7B%22post_id%22%3A%2255%22%2C%22post_size%22%3A%22wide%22%7D%5D&#8221; tutorials=&#8221;&#8221;][\/vc_column][\/vc_row][vc_row row_content_width=&#8221;grid&#8221; css=&#8221;.vc_custom_1511525217599{padding-bottom: 120px !important;}&#8221;][vc_column][vc_column_text][\/vc_column_text][\/vc_column][\/vc_row]\" \/>\n<meta property=\"og:url\" content=\"https:\/\/www.translo.es\/en\/proyectos\/\" \/>\n<meta property=\"og:site_name\" content=\"TRANSLOGRO\u00d1O\" \/>\n<meta property=\"article:modified_time\" content=\"2021-04-27T15:15:19+00:00\" \/>\n<meta name=\"twitter:card\" content=\"summary_large_image\" \/>\n<script type=\"application\/ld+json\" class=\"yoast-schema-graph\">{\"@context\":\"https:\\\/\\\/schema.org\",\"@graph\":[{\"@type\":\"WebPage\",\"@id\":\"https:\\\/\\\/www.translo.es\\\/en\\\/proyectos\\\/\",\"url\":\"https:\\\/\\\/www.translo.es\\\/en\\\/proyectos\\\/\",\"name\":\"Proyectos - TRANSLOGRO\u00d1O\",\"isPartOf\":{\"@id\":\"https:\\\/\\\/www.translo.es\\\/#website\"},\"datePublished\":\"2020-04-14T15:08:13+00:00\",\"dateModified\":\"2021-04-27T15:15:19+00:00\",\"breadcrumb\":{\"@id\":\"https:\\\/\\\/www.translo.es\\\/en\\\/proyectos\\\/#breadcrumb\"},\"inLanguage\":\"en-US\",\"potentialAction\":[{\"@type\":\"ReadAction\",\"target\":[\"https:\\\/\\\/www.translo.es\\\/en\\\/proyectos\\\/\"]}]},{\"@type\":\"BreadcrumbList\",\"@id\":\"https:\\\/\\\/www.translo.es\\\/en\\\/proyectos\\\/#breadcrumb\",\"itemListElement\":[{\"@type\":\"ListItem\",\"position\":1,\"name\":\"Portada\",\"item\":\"https:\\\/\\\/www.translo.es\\\/en\\\/\"},{\"@type\":\"ListItem\",\"position\":2,\"name\":\"Proyectos\"}]},{\"@type\":\"WebSite\",\"@id\":\"https:\\\/\\\/www.translo.es\\\/#website\",\"url\":\"https:\\\/\\\/www.translo.es\\\/\",\"name\":\"TRANSLOGRO\u00d1O\",\"description\":\"Trans Logro\u00f1o es una empresa log\u00edstica que ofrece soluciones de transporte de \u00e1mbito nacional e internacional.\",\"potentialAction\":[{\"@type\":\"SearchAction\",\"target\":{\"@type\":\"EntryPoint\",\"urlTemplate\":\"https:\\\/\\\/www.translo.es\\\/?s={search_term_string}\"},\"query-input\":{\"@type\":\"PropertyValueSpecification\",\"valueRequired\":true,\"valueName\":\"search_term_string\"}}],\"inLanguage\":\"en-US\"}]}<\/script>\n<!-- \/ Yoast SEO plugin. -->","yoast_head_json":{"title":"Proyectos - TRANSLOGRO\u00d1O","robots":{"index":"index","follow":"follow","max-snippet":"max-snippet:-1","max-image-preview":"max-image-preview:large","max-video-preview":"max-video-preview:-1"},"canonical":"https:\/\/www.translo.es\/en\/proyectos\/","og_locale":"en_US","og_type":"article","og_title":"Proyectos - TRANSLOGRO\u00d1O","og_description":"[vc_row row_content_width=&#8221;grid&#8221; css=&#8221;.vc_custom_1585214815929{padding-top: 35px !important;padding-bottom: 65px !important;}&#8221;][vc_column][vc_column_text][\/vc_column_text][\/vc_column][\/vc_row][vc_row css=&#8221;.vc_custom_1511528596578{padding-top: 75px !important;padding-bottom: 65px !important;}&#8221;][vc_column][dfd_portfolio_metro_module items=&#8221;single&#8221; columns=&#8221;3&#8243; selected_items=&#8221;%5B%7B%22post_id%22%3A%2255%22%2C%22post_size%22%3A%22wide%22%7D%5D&#8221; tutorials=&#8221;&#8221;][\/vc_column][\/vc_row][vc_row row_content_width=&#8221;grid&#8221; css=&#8221;.vc_custom_1511525217599{padding-bottom: 120px !important;}&#8221;][vc_column][vc_column_text][\/vc_column_text][\/vc_column][\/vc_row]","og_url":"https:\/\/www.translo.es\/en\/proyectos\/","og_site_name":"TRANSLOGRO\u00d1O","article_modified_time":"2021-04-27T15:15:19+00:00","twitter_card":"summary_large_image","schema":{"@context":"https:\/\/schema.org","@graph":[{"@type":"WebPage","@id":"https:\/\/www.translo.es\/en\/proyectos\/","url":"https:\/\/www.translo.es\/en\/proyectos\/","name":"Proyectos - TRANSLOGRO\u00d1O","isPartOf":{"@id":"https:\/\/www.translo.es\/#website"},"datePublished":"2020-04-14T15:08:13+00:00","dateModified":"2021-04-27T15:15:19+00:00","breadcrumb":{"@id":"https:\/\/www.translo.es\/en\/proyectos\/#breadcrumb"},"inLanguage":"en-US","potentialAction":[{"@type":"ReadAction","target":["https:\/\/www.translo.es\/en\/proyectos\/"]}]},{"@type":"BreadcrumbList","@id":"https:\/\/www.translo.es\/en\/proyectos\/#breadcrumb","itemListElement":[{"@type":"ListItem","position":1,"name":"Portada","item":"https:\/\/www.translo.es\/en\/"},{"@type":"ListItem","position":2,"name":"Proyectos"}]},{"@type":"WebSite","@id":"https:\/\/www.translo.es\/#website","url":"https:\/\/www.translo.es\/","name":"TRANSLOGRO\u00d1O","description":"Trans Logro\u00f1o es una empresa log\u00edstica que ofrece soluciones de transporte de \u00e1mbito nacional e internacional.","potentialAction":[{"@type":"SearchAction","target":{"@type":"EntryPoint","urlTemplate":"https:\/\/www.translo.es\/?s={search_term_string}"},"query-input":{"@type":"PropertyValueSpecification","valueRequired":true,"valueName":"search_term_string"}}],"inLanguage":"en-US"}]}},"post_mailing_queue_ids":[],"_links":{"self":[{"href":"https:\/\/www.translo.es\/en\/wp-json\/wp\/v2\/pages\/1254","targetHints":{"allow":["GET"]}}],"collection":[{"href":"https:\/\/www.translo.es\/en\/wp-json\/wp\/v2\/pages"}],"about":[{"href":"https:\/\/www.translo.es\/en\/wp-json\/wp\/v2\/types\/page"}],"author":[{"embeddable":true,"href":"https:\/\/www.translo.es\/en\/wp-json\/wp\/v2\/users\/1"}],"replies":[{"embeddable":true,"href":"https:\/\/www.translo.es\/en\/wp-json\/wp\/v2\/comments?post=1254"}],"version-history":[{"count":1,"href":"https:\/\/www.translo.es\/en\/wp-json\/wp\/v2\/pages\/1254\/revisions"}],"predecessor-version":[{"id":1255,"href":"https:\/\/www.translo.es\/en\/wp-json\/wp\/v2\/pages\/1254\/revisions\/1255"}],"wp:attachment":[{"href":"https:\/\/www.translo.es\/en\/wp-json\/wp\/v2\/media?parent=1254"}],"curies":[{"name":"wp","href":"https:\/\/api.w.org\/{rel}","templated":true}]}}