{"id":1248,"date":"2020-04-01T17:28:26","date_gmt":"2020-04-01T17:28:26","guid":{"rendered":"http:\/\/www.translo.es\/politica-de-cookies\/"},"modified":"2021-05-26T12:07:06","modified_gmt":"2021-05-26T12:07:06","slug":"cookies-policy","status":"publish","type":"page","link":"https:\/\/www.translo.es\/en\/cookies-policy\/","title":{"rendered":"Cookies policy"},"content":{"rendered":"<div class=\"wpb-content-wrapper\"><p>[vc_row][vc_column dfd_column_responsive_enable=&#8221;dfd-column-responsive-enable&#8221; col_shadow=&#8221;box_shadow_enable:disable|shadow_horizontal:0|shadow_vertical:15|shadow_blur:50|shadow_spread:0|box_shadow_color:rgba(0%2C0%2C0%2C0.35)&#8221; col_shadow_hover=&#8221;box_shadow_enable:disable|shadow_horizontal:0|shadow_vertical:15|shadow_blur:50|shadow_spread:0|box_shadow_color:rgba(0%2C0%2C0%2C0.35)&#8221; responsive_styles=&#8221;padding_left_tablet:25|padding_right_tablet:25|padding_left_mobile:25|padding_right_mobile:25&#8243;][dfd_spacer screen_wide_spacer_size=&#8221;60&#8243; screen_normal_resolution=&#8221;1024&#8243; screen_tablet_resolution=&#8221;800&#8243; screen_mobile_resolution=&#8221;480&#8243;][vc_column_text]We use cookies to\u00a0facilitate the use of our website. A\u00a0cookie is a file containing an identifier (a string of letters and numbers) that is sent by a web server to a web browser and is stored by the browser. The identifier is then sent back to the server each time the browser requests a page from the server. Cookies may be either \u201cpersistent\u201d cookies or \u201csession\u201d cookies: a persistent cookie will be stored by a web browser and will remain valid until its set expiry date, unless deleted by the user before the expiry date; a session cookie, on the other hand, will expire at the end of the user session, when the web browser is closed.\u00a0Cookies do not typically contain any information that personally identifies a user, but personal information that we store about you may be linked to the information stored in and obtained from cookies.Cookies can be used by web servers to identify and track users as they navigate different pages on a website and identify users returning to a website.\u00a0Most browsers allow you delete and \/or refuse to accept cookies. In order to continue without changes in the\u00a0configuration of the cookies, just stay on our site.<\/p>\n<p>Get more information on cookies and their use at\u00a0<a href=\"http:\/\/www.aboutcookies.org\/\">www.aboutcookies.org<\/a><\/p>\n<p>&nbsp;<\/p>\n<h3><strong>OUR COOKIES<\/strong><\/h3>\n<p>&nbsp;<\/p>\n<p><strong>Necessary cookies\u00a0<\/strong><\/p>\n<p>These cookies are necessary for the correct use of the website by giving access to sections with security filters. Without these cookies most of the services would not be available.<\/p>\n<p><strong>Session cookies<\/strong><\/p>\n<p>We use use session cookies\u00a0on our website to track users as they navigate the website (visited pages, errors) This is general &amp; anonymous information where no personal data are included and no information that might identify the visitors is collected \u2013 the final aim is improving the functioning of the website.<\/p>\n<p><strong>Functioning cookies<\/strong><\/p>\n<p>These cookies\u00a0record information (username,\u00a0language or region\u00a0where you are located) and other\u00a0personal data that\u00a0give us the possibility of offering you personalized content based on the information &amp; criteria\u00a0voluntarely\u00a0given by you. These cookies may be also used to\u00a0record the changes\u00a0applied in the size of the text\u00a0as well as the fonts and other customized\u00a0characteristics of the website. They can also be used for offering some required services like watching a video or leaving a\u00a0comment on a\u00a0blog. The information recorded by these\u00a0cookies might be\u00a0anonymous and its\u00a0activity cannot be\u00a0tracked in other\u00a0websites.<\/p>\n<p>&nbsp;<\/p>\n<h3>COOKIES USED IN OUR WEBSITE<\/h3>\n<p><script type=\"text\/javascript\" charset=\"UTF-8\" data-cookiescriptreport=\"report\" src=\"\/\/report.cookie-script.com\/r\/c3176ac7d70ddbb378c27f80f966b358.js\"><\/script><\/p>\n<p>&nbsp;<\/p>\n<h3><strong>HOW TO ENABLE COOKIES\u00a0<\/strong><\/h3>\n<p>&nbsp;<\/p>\n<p>Should you want to allow the use of\u00a0cookies from our website, please follow these instructions:<\/p>\n<p><strong>Google Chrome<\/strong><\/p>\n<ol>\n<li>Click\u00a0\u201cSettings\u201d on 3 stripe top bar menu<\/li>\n<li>Find the button\u00a0that says\u00a0\u201cContent Settings\u201d and click on the\u00a0\u201cPrivacy\u201d label<\/li>\n<li>Make sure\u00a0\u201cAllow local data to be set\u201d is selected<\/li>\n<\/ol>\n<p><strong>Microsoft Internet Explorer (6.0 \/ 7.0 \/ 8.0 \/ 9.0)<\/strong><\/p>\n<ol>\n<li>Click\u00a0\u201cTools\u201d on the upper\u00a0menu and select\u00a0\u201cOptions\u201d<\/li>\n<li>Check the\u00a0\u201cPrivacy\u201d label is medium-low secured.<\/li>\n<li>If the\u00a0Internet configuration is not\u00a0media, all cookies are being\u00a0blocked.<\/li>\n<\/ol>\n<p><strong>Mozilla Firefox<\/strong><\/p>\n<ol>\n<li>Click\u00a0\u201cTools\u201d on the upper menu and select\u00a0\u201cOptions\u201d<\/li>\n<li>Go to\u00a0\u201cPrivacy\u201d<\/li>\n<li>Then select\u00a0\u201cAllow local data to be set\u201d<\/li>\n<\/ol>\n<p><strong>Safari<\/strong><\/p>\n<ol>\n<li>Click on\u00a0\u201cPreferences\u201d on the upper back and select\u00a0\u201cPrivacy\u201d<\/li>\n<li>Check the option\u00a0\u201cBlock third parties and advertisers\u201d is not enabled.<\/li>\n<li>Click on\u00a0\u201cClose\u201d<\/li>\n<\/ol>\n<p>&nbsp;<\/p>\n<h5>ENABLING COOKIES in Mac<\/h5>\n<p>Have a Mac? Follow these\u00a0instructions to enable our\u00a0cookies:<\/p>\n<p>&nbsp;<\/p>\n<p><strong>Microsoft Internet Explore 5.0 on OSX<\/strong><\/p>\n<ol>\n<li>Access\u00a0\u201cExplorer\u201d and click on\u00a0\u201cPreferences\u201d on the browser menu<\/li>\n<li>Scroll down\u00a0until seeing\u00a0\u201cCookies\u201d just below files received<\/li>\n<li>Select\u00a0\u201cDo not answer again\u201d<\/li>\n<\/ol>\n<p><strong>Safari on OSX<\/strong><\/p>\n<ol>\n<li>Click the\u00a0\u201cSafari\u201d menu and click\u00a0\u201cPreferences\u201d<\/li>\n<li>Click the\u00a0\u201cSecurity\u201d menu for\u00a0\u201cAccept cookies\u201d<\/li>\n<li>Select\u00a0\u201cOnly from this site\u201d<\/li>\n<\/ol>\n<p><strong>Mozilla and Netscape in OSX<\/strong><\/p>\n<ol>\n<li>Click\u00a0the\u00a0\u201cFirefox\u201d or\u00a0\u201cNetscape\u201d menu and click on\u00a0\u201cPreferences\u201d<\/li>\n<li>Scroll down until\u00a0\u201cCookies\u201d below\u00a0\u201cPrivacy and\u00a0Security\u201d<\/li>\n<li>Click\u00a0\u201cEnable cookies on this site\u201d<\/li>\n<\/ol>\n<p><strong>Opera<\/strong><\/p>\n<ol>\n<li>Click the\u00a0\u201cTools\u00a0\u201c menu<\/li>\n<li>Click\u00a0\u201cPreferences\u201d, then the\u00a0\u201cAdvanced\u201d tab<\/li>\n<li>Make sure\u00a0\u201cAccept cookies\u201d is selected.<\/li>\n<\/ol>\n<p>[\/vc_column_text][dfd_spacer screen_wide_spacer_size=&#8221;60&#8243; screen_normal_resolution=&#8221;1024&#8243; screen_tablet_resolution=&#8221;800&#8243; screen_mobile_resolution=&#8221;480&#8243;][\/vc_column][\/vc_row]<\/p>\n<\/div>","protected":false},"excerpt":{"rendered":"<p>[vc_row][vc_column dfd_column_responsive_enable=&#8221;dfd-column-responsive-enable&#8221; col_shadow=&#8221;box_shadow_enable:disable|shadow_horizontal:0|shadow_vertical:15|shadow_blur:50|shadow_spread:0|box_shadow_color:rgba(0%2C0%2C0%2C0.35)&#8221; col_shadow_hover=&#8221;box_shadow_enable:disable|shadow_horizontal:0|shadow_vertical:15|shadow_blur:50|shadow_spread:0|box_shadow_color:rgba(0%2C0%2C0%2C0.35)&#8221; responsive_styles=&#8221;padding_left_tablet:25|padding_right_tablet:25|padding_left_mobile:25|padding_right_mobile:25&#8243;][dfd_spacer screen_wide_spacer_size=&#8221;60&#8243; screen_normal_resolution=&#8221;1024&#8243; screen_tablet_resolution=&#8221;800&#8243; screen_mobile_resolution=&#8221;480&#8243;][vc_column_text]We use cookies to\u00a0facilitate the use of our website. A\u00a0cookie is a file containing an identifier (a string of letters and numbers)<\/p>\n","protected":false},"author":1,"featured_media":0,"parent":0,"menu_order":0,"comment_status":"closed","ping_status":"closed","template":"","meta":{"footnotes":""},"class_list":["post-1248","page","type-page","status-publish","hentry"],"yoast_head":"<!-- This site is optimized with the Yoast SEO plugin v27.4 - https:\/\/yoast.com\/product\/yoast-seo-wordpress\/ -->\n<title>Cookies policy - TRANSLOGRO\u00d1O<\/title>\n<meta name=\"robots\" content=\"index, follow, max-snippet:-1, max-image-preview:large, max-video-preview:-1\" \/>\n<link rel=\"canonical\" href=\"https:\/\/www.translo.es\/en\/cookies-policy\/\" \/>\n<meta property=\"og:locale\" content=\"en_US\" \/>\n<meta property=\"og:type\" content=\"article\" \/>\n<meta property=\"og:title\" content=\"Cookies policy - TRANSLOGRO\u00d1O\" \/>\n<meta property=\"og:description\" content=\"[vc_row][vc_column dfd_column_responsive_enable=&#8221;dfd-column-responsive-enable&#8221; col_shadow=&#8221;box_shadow_enable:disable|shadow_horizontal:0|shadow_vertical:15|shadow_blur:50|shadow_spread:0|box_shadow_color:rgba(0%2C0%2C0%2C0.35)&#8221; col_shadow_hover=&#8221;box_shadow_enable:disable|shadow_horizontal:0|shadow_vertical:15|shadow_blur:50|shadow_spread:0|box_shadow_color:rgba(0%2C0%2C0%2C0.35)&#8221; responsive_styles=&#8221;padding_left_tablet:25|padding_right_tablet:25|padding_left_mobile:25|padding_right_mobile:25&#8243;][dfd_spacer screen_wide_spacer_size=&#8221;60&#8243; screen_normal_resolution=&#8221;1024&#8243; screen_tablet_resolution=&#8221;800&#8243; screen_mobile_resolution=&#8221;480&#8243;][vc_column_text]We use cookies to\u00a0facilitate the use of our website. A\u00a0cookie is a file containing an identifier (a string of letters and numbers)\" \/>\n<meta property=\"og:url\" content=\"https:\/\/www.translo.es\/en\/cookies-policy\/\" \/>\n<meta property=\"og:site_name\" content=\"TRANSLOGRO\u00d1O\" \/>\n<meta property=\"article:modified_time\" content=\"2021-05-26T12:07:06+00:00\" \/>\n<meta name=\"twitter:card\" content=\"summary_large_image\" \/>\n<meta name=\"twitter:label1\" content=\"Est. reading time\" \/>\n\t<meta name=\"twitter:data1\" content=\"3 minutes\" \/>\n<script type=\"application\/ld+json\" class=\"yoast-schema-graph\">{\"@context\":\"https:\\\/\\\/schema.org\",\"@graph\":[{\"@type\":\"WebPage\",\"@id\":\"https:\\\/\\\/www.translo.es\\\/en\\\/cookies-policy\\\/\",\"url\":\"https:\\\/\\\/www.translo.es\\\/en\\\/cookies-policy\\\/\",\"name\":\"Cookies policy - TRANSLOGRO\u00d1O\",\"isPartOf\":{\"@id\":\"https:\\\/\\\/www.translo.es\\\/#website\"},\"datePublished\":\"2020-04-01T17:28:26+00:00\",\"dateModified\":\"2021-05-26T12:07:06+00:00\",\"breadcrumb\":{\"@id\":\"https:\\\/\\\/www.translo.es\\\/en\\\/cookies-policy\\\/#breadcrumb\"},\"inLanguage\":\"en-US\",\"potentialAction\":[{\"@type\":\"ReadAction\",\"target\":[\"https:\\\/\\\/www.translo.es\\\/en\\\/cookies-policy\\\/\"]}]},{\"@type\":\"BreadcrumbList\",\"@id\":\"https:\\\/\\\/www.translo.es\\\/en\\\/cookies-policy\\\/#breadcrumb\",\"itemListElement\":[{\"@type\":\"ListItem\",\"position\":1,\"name\":\"Portada\",\"item\":\"https:\\\/\\\/www.translo.es\\\/en\\\/\"},{\"@type\":\"ListItem\",\"position\":2,\"name\":\"Cookies policy\"}]},{\"@type\":\"WebSite\",\"@id\":\"https:\\\/\\\/www.translo.es\\\/#website\",\"url\":\"https:\\\/\\\/www.translo.es\\\/\",\"name\":\"TRANSLOGRO\u00d1O\",\"description\":\"Trans Logro\u00f1o es una empresa log\u00edstica que ofrece soluciones de transporte de \u00e1mbito nacional e internacional.\",\"potentialAction\":[{\"@type\":\"SearchAction\",\"target\":{\"@type\":\"EntryPoint\",\"urlTemplate\":\"https:\\\/\\\/www.translo.es\\\/?s={search_term_string}\"},\"query-input\":{\"@type\":\"PropertyValueSpecification\",\"valueRequired\":true,\"valueName\":\"search_term_string\"}}],\"inLanguage\":\"en-US\"}]}<\/script>\n<!-- \/ Yoast SEO plugin. -->","yoast_head_json":{"title":"Cookies policy - TRANSLOGRO\u00d1O","robots":{"index":"index","follow":"follow","max-snippet":"max-snippet:-1","max-image-preview":"max-image-preview:large","max-video-preview":"max-video-preview:-1"},"canonical":"https:\/\/www.translo.es\/en\/cookies-policy\/","og_locale":"en_US","og_type":"article","og_title":"Cookies policy - TRANSLOGRO\u00d1O","og_description":"[vc_row][vc_column dfd_column_responsive_enable=&#8221;dfd-column-responsive-enable&#8221; col_shadow=&#8221;box_shadow_enable:disable|shadow_horizontal:0|shadow_vertical:15|shadow_blur:50|shadow_spread:0|box_shadow_color:rgba(0%2C0%2C0%2C0.35)&#8221; col_shadow_hover=&#8221;box_shadow_enable:disable|shadow_horizontal:0|shadow_vertical:15|shadow_blur:50|shadow_spread:0|box_shadow_color:rgba(0%2C0%2C0%2C0.35)&#8221; responsive_styles=&#8221;padding_left_tablet:25|padding_right_tablet:25|padding_left_mobile:25|padding_right_mobile:25&#8243;][dfd_spacer screen_wide_spacer_size=&#8221;60&#8243; screen_normal_resolution=&#8221;1024&#8243; screen_tablet_resolution=&#8221;800&#8243; screen_mobile_resolution=&#8221;480&#8243;][vc_column_text]We use cookies to\u00a0facilitate the use of our website. A\u00a0cookie is a file containing an identifier (a string of letters and numbers)","og_url":"https:\/\/www.translo.es\/en\/cookies-policy\/","og_site_name":"TRANSLOGRO\u00d1O","article_modified_time":"2021-05-26T12:07:06+00:00","twitter_card":"summary_large_image","twitter_misc":{"Est. reading time":"3 minutes"},"schema":{"@context":"https:\/\/schema.org","@graph":[{"@type":"WebPage","@id":"https:\/\/www.translo.es\/en\/cookies-policy\/","url":"https:\/\/www.translo.es\/en\/cookies-policy\/","name":"Cookies policy - TRANSLOGRO\u00d1O","isPartOf":{"@id":"https:\/\/www.translo.es\/#website"},"datePublished":"2020-04-01T17:28:26+00:00","dateModified":"2021-05-26T12:07:06+00:00","breadcrumb":{"@id":"https:\/\/www.translo.es\/en\/cookies-policy\/#breadcrumb"},"inLanguage":"en-US","potentialAction":[{"@type":"ReadAction","target":["https:\/\/www.translo.es\/en\/cookies-policy\/"]}]},{"@type":"BreadcrumbList","@id":"https:\/\/www.translo.es\/en\/cookies-policy\/#breadcrumb","itemListElement":[{"@type":"ListItem","position":1,"name":"Portada","item":"https:\/\/www.translo.es\/en\/"},{"@type":"ListItem","position":2,"name":"Cookies policy"}]},{"@type":"WebSite","@id":"https:\/\/www.translo.es\/#website","url":"https:\/\/www.translo.es\/","name":"TRANSLOGRO\u00d1O","description":"Trans Logro\u00f1o es una empresa log\u00edstica que ofrece soluciones de transporte de \u00e1mbito nacional e internacional.","potentialAction":[{"@type":"SearchAction","target":{"@type":"EntryPoint","urlTemplate":"https:\/\/www.translo.es\/?s={search_term_string}"},"query-input":{"@type":"PropertyValueSpecification","valueRequired":true,"valueName":"search_term_string"}}],"inLanguage":"en-US"}]}},"post_mailing_queue_ids":[],"_links":{"self":[{"href":"https:\/\/www.translo.es\/en\/wp-json\/wp\/v2\/pages\/1248","targetHints":{"allow":["GET"]}}],"collection":[{"href":"https:\/\/www.translo.es\/en\/wp-json\/wp\/v2\/pages"}],"about":[{"href":"https:\/\/www.translo.es\/en\/wp-json\/wp\/v2\/types\/page"}],"author":[{"embeddable":true,"href":"https:\/\/www.translo.es\/en\/wp-json\/wp\/v2\/users\/1"}],"replies":[{"embeddable":true,"href":"https:\/\/www.translo.es\/en\/wp-json\/wp\/v2\/comments?post=1248"}],"version-history":[{"count":9,"href":"https:\/\/www.translo.es\/en\/wp-json\/wp\/v2\/pages\/1248\/revisions"}],"predecessor-version":[{"id":1824,"href":"https:\/\/www.translo.es\/en\/wp-json\/wp\/v2\/pages\/1248\/revisions\/1824"}],"wp:attachment":[{"href":"https:\/\/www.translo.es\/en\/wp-json\/wp\/v2\/media?parent=1248"}],"curies":[{"name":"wp","href":"https:\/\/api.w.org\/{rel}","templated":true}]}}